{"id":1058,"date":"2021-10-21T09:58:09","date_gmt":"2021-10-21T07:58:09","guid":{"rendered":"http:\/\/uusi.kutt.fi\/?page_id=1058"},"modified":"2021-10-21T10:04:36","modified_gmt":"2021-10-21T08:04:36","slug":"ea-kurssit-marras-joulu-2021","status":"publish","type":"page","link":"https:\/\/kutt.fi\/sv\/ea-kurssit-marras-joulu-2021\/","title":{"rendered":"Avoin H\u00e4t\u00e4 EA 4 h kurssi 18.11 ja EA 1 8.-9.12 Klaukkalassa"},"content":{"rendered":"<p><\/p>\n\n\n\n<h2 class=\"wp-block-heading\">H\u00e4t\u00e4ensiapu 4 H Klaukkalassa<\/h2>\n\n\n\n<p>Tervetuloa oppimaan ensiaputaitoja H\u00e4t\u00e4ensiapukurssille marraskuussa.<\/p>\n\n\n\n<p>Aika: torstai&nbsp;18.11.2021&nbsp;klo 8.30-12.30<\/p>\n\n\n\n<p>Paikka: Vaskom\u00e4entie 2, 01800 Klaukkala. (Klaukkalan terveysasema, p-kerros, iso kokoustila Uudenmaan Ty\u00f6terveyden k\u00e4yt\u00e4v\u00e4n p\u00e4\u00e4ss\u00e4)<\/p>\n\n\n\n<p>Hinta:&nbsp;50 \u20ac&nbsp;(hintaan lis\u00e4t\u00e4\u00e4n alv 24%)<\/p>\n\n\n\n<p>Ilmoittautuminen on sitova, mik\u00e4li et p\u00e4\u00e4se kurssille, tulee peruutus tehd\u00e4 viikkoa ennen kurssin alkua, muuten joudumme perim\u00e4\u00e4n koko kurssin hinnan. Varmistathan ty\u00f6nantajaltasi ennen kurssille ilmoittautumista, ett\u00e4 h\u00e4n kustantaa kurssin hinnan. Kurssi on tarkoitettu ainoastaan Uudenmaan ty\u00f6terveyshuollon asiakkaille.<\/p>\n\n\n\n<p>Laitathan kurssille ylle mukavat ja rennot vaatteet, harjoitteita tehd\u00e4\u00e4n my\u00f6s lattiatasolla.<\/p>\n\n\n\n<p>Kurssin suoritettua sinut lis\u00e4t\u00e4\u00e4n valtakunnalliseen rekisteriin, miss\u00e4 n\u00e4kyy kurssisuorituksesi.<\/p>\n\n\n\n<p>Kurssin aikana pid\u00e4mme yhden 30 min tauon, jolloin&nbsp;on mahdollisuus&nbsp;k\u00e4yd\u00e4 omakustanteisesti ruokailemassa \/ kahvilla.<\/p>\n\n\n\n<p>Lis\u00e4tiedot: Anu K\u00f6psi\u00a0(ETK-kouluttaja, sairaanhoitaja)\u00a0<a href=\"mailto:anu.kopsi@umtt.fi\">anu.kopsi@umtt.fi<\/a> p. <a href=\"tel:0406460160\" data-type=\"tel\" data-id=\"tel:0406460160\">040 6460160<\/a><\/p>\n\n\n\n<p><a href=\"https:\/\/tth-lv.creamailer.fi\/survey\/zpcjldiv79wv9\" data-type=\"URL\" data-id=\"https:\/\/tth-lv.creamailer.fi\/survey\/zpcjldiv79wv9\">Ilmoittaudu t\u00e4st\u00e4<\/a><\/p>\n\n\n\n<p><\/p>\n\n\n\n<h2 class=\"wp-block-heading\">Ensiapukurssi 1 kurssi Klaukkalassa<\/h2>\n\n\n\n<p>Tervetuloa oppimaan ensiaputaitoja EA 1 kurssille (16 h) joulukuussa.<\/p>\n\n\n\n<p>Aika: 8.-9.12.2021&nbsp;klo 8.30-15.30<\/p>\n\n\n\n<p>Paikka: Vaskom\u00e4entie 2, 01800 Klaukkala. (Klaukkalan terveysasema, p-kerros, iso kokoustila Uudenmaan Ty\u00f6terveyden k\u00e4yt\u00e4v\u00e4n p\u00e4\u00e4ss\u00e4)<\/p>\n\n\n\n<p>Hinta: 109 \u20ac (hintaan lis\u00e4t\u00e4\u00e4n alv. 24%)<\/p>\n\n\n\n<p>Ilmoittautuminen tapahtuu&nbsp;linkin kautta. Ilmoittautuminen on sitova, mik\u00e4li et p\u00e4\u00e4se kurssille, tulee peruutus tehd\u00e4 viikkoa ennen kurssin alkua, muuten joudumme perim\u00e4\u00e4n koko kurssin hinnan. Varmistathan ty\u00f6nantajaltasi ennen kurssille ilmoittautumista, ett\u00e4 h\u00e4n kustantaa kurssin hinnan. Kurssi on tarkoitettu ainoastaan Uudenmaan ty\u00f6terveyshuollon asiakkaille.<\/p>\n\n\n\n<p>Laitathan kurssille ylle mukavat ja rennot vaatteet, harjoitteita tehd\u00e4\u00e4n my\u00f6s lattiatasolla.<\/p>\n\n\n\n<p>Kurssin suoritettua sinut lis\u00e4t\u00e4\u00e4n valtakunnalliseen rekisteriin, miss\u00e4 n\u00e4kyy kurssisuorituksesi. T\u00e4m\u00e4 edellytt\u00e4\u00e4 100% l\u00e4sn\u00e4oloa kurssilla.<\/p>\n\n\n\n<p>Lounas ja kahvit omakustanteisesti.<\/p>\n\n\n\n<p>Lis\u00e4tiedot: Anu K\u00f6psi (ETK-kouluttaja, sairaanhoitaja) <a href=\"mailto:anu.kopsi@umtt.fi\">anu.kopsi@umtt.fi<\/a>, p. <a href=\"tel:0406460160\" data-type=\"tel\" data-id=\"tel:0406460160\">040 6460160<\/a><\/p>\n\n\n\n<p><a href=\"https:\/\/tth-lv.creamailer.fi\/survey\/m0sb85m6kdbdu\" data-type=\"URL\" data-id=\"https:\/\/tth-lv.creamailer.fi\/survey\/m0sb85m6kdbdu\">Ilmoittaudu t\u00e4st\u00e4<\/a><\/p>","protected":false},"excerpt":{"rendered":"<p>H\u00e4t\u00e4ensiapu 4 H Klaukkalassa Tervetuloa oppimaan ensiaputaitoja H\u00e4t\u00e4ensiapukurssille marraskuussa. Aika: torstai&nbsp;18.11.2021&nbsp;klo 8.30-12.30 Paikka: Vaskom\u00e4entie 2, 01800 Klaukkala. (Klaukkalan terveysasema, p-kerros, iso kokoustila Uudenmaan Ty\u00f6terveyden k\u00e4yt\u00e4v\u00e4n p\u00e4\u00e4ss\u00e4) Hinta:&nbsp;50 \u20ac&nbsp;(hintaan lis\u00e4t\u00e4\u00e4n alv 24%) Ilmoittautuminen on sitova, mik\u00e4li et p\u00e4\u00e4se kurssille, tulee peruutus tehd\u00e4 viikkoa ennen kurssin alkua, muuten joudumme perim\u00e4\u00e4n koko kurssin hinnan. Varmistathan ty\u00f6nantajaltasi ennen kurssille&hellip; <br \/> <a class=\"read-more\" href=\"https:\/\/kutt.fi\/sv\/ea-kurssit-marras-joulu-2021\/\">Read more<\/a><\/p>","protected":false},"author":1,"featured_media":0,"parent":0,"menu_order":0,"comment_status":"closed","ping_status":"closed","template":"","meta":{"footnotes":""},"class_list":["post-1058","page","type-page","status-publish","hentry"],"_links":{"self":[{"href":"https:\/\/kutt.fi\/sv\/wp-json\/wp\/v2\/pages\/1058","targetHints":{"allow":["GET"]}}],"collection":[{"href":"https:\/\/kutt.fi\/sv\/wp-json\/wp\/v2\/pages"}],"about":[{"href":"https:\/\/kutt.fi\/sv\/wp-json\/wp\/v2\/types\/page"}],"author":[{"embeddable":true,"href":"https:\/\/kutt.fi\/sv\/wp-json\/wp\/v2\/users\/1"}],"replies":[{"embeddable":true,"href":"https:\/\/kutt.fi\/sv\/wp-json\/wp\/v2\/comments?post=1058"}],"version-history":[{"count":3,"href":"https:\/\/kutt.fi\/sv\/wp-json\/wp\/v2\/pages\/1058\/revisions"}],"predecessor-version":[{"id":1065,"href":"https:\/\/kutt.fi\/sv\/wp-json\/wp\/v2\/pages\/1058\/revisions\/1065"}],"wp:attachment":[{"href":"https:\/\/kutt.fi\/sv\/wp-json\/wp\/v2\/media?parent=1058"}],"curies":[{"name":"wp","href":"https:\/\/api.w.org\/{rel}","templated":true}]}}