{"id":1124,"date":"2021-12-30T17:06:43","date_gmt":"2021-12-30T15:06:43","guid":{"rendered":"http:\/\/uusi.kutt.fi\/?page_id=1124"},"modified":"2021-12-31T10:44:10","modified_gmt":"2021-12-31T08:44:10","slug":"koronarokotukset-alkavat-tammikuussa","status":"publish","type":"page","link":"https:\/\/kutt.fi\/sv\/koronarokotukset-alkavat-tammikuussa\/","title":{"rendered":"Koronarokotukset alkavat tammikuussa"},"content":{"rendered":"<p>Uudenmaan Ty\u00f6terveys Oy osallistuu tammikuusta 2022 alkaen koronarokotusten j\u00e4rjest\u00e4miseen tarjoamalla ty\u00f6terveysasiakkaalleen rokotuksia ty\u00f6terveyshuollon toimintana. Ty\u00f6terveyssopimukseen on nyt mahdollista lis\u00e4t\u00e4 henkil\u00f6st\u00f6n koronarokotukset. Voitte lis\u00e4t\u00e4 koronorokotukset ty\u00f6terveyssopimukseenne <a href=\"http:\/\/uusi.kutt.fi\/wp-content\/uploads\/2021\/12\/Koronarokotusten-lisaaminen-tyoterveyssopimukseen.docx\" data-type=\"URL\" data-id=\"http:\/\/uusi.kutt.fi\/wp-content\/uploads\/2021\/12\/Koronarokotusten-lisaaminen-tyoterveyssopimukseen.docx\">oheisella lomakkeella<\/a> ja palauttaa sen s\u00e4hk\u00f6postitse <a href=\"mailto:rokotukset@umtt.fi\" data-type=\"mailto\" data-id=\"mailto:rokotukset@umtt.fi\">rokotukset@umtt.fi<\/a><\/p>\n\n\n\n<p>Kun sopimus on tehty ja ajanvaraus on mahdollista, l\u00e4het\u00e4mme henkil\u00f6st\u00f6\u00e4 varten ohjeet rokotuksista ja ajanvarauksesta. Nettiajanvaraus avautuu 5.1.2022.<\/p>","protected":false},"excerpt":{"rendered":"<p>Uudenmaan Ty\u00f6terveys Oy osallistuu tammikuusta 2022 alkaen koronarokotusten j\u00e4rjest\u00e4miseen tarjoamalla ty\u00f6terveysasiakkaalleen rokotuksia ty\u00f6terveyshuollon toimintana. Ty\u00f6terveyssopimukseen on nyt mahdollista lis\u00e4t\u00e4 henkil\u00f6st\u00f6n koronarokotukset. Voitte lis\u00e4t\u00e4 koronorokotukset ty\u00f6terveyssopimukseenne oheisella lomakkeella ja palauttaa sen s\u00e4hk\u00f6postitse rokotukset@umtt.fi Kun sopimus on tehty ja ajanvaraus on mahdollista, l\u00e4het\u00e4mme henkil\u00f6st\u00f6\u00e4 varten ohjeet rokotuksista ja ajanvarauksesta. Nettiajanvaraus avautuu 5.1.2022.<\/p>","protected":false},"author":1,"featured_media":0,"parent":0,"menu_order":0,"comment_status":"closed","ping_status":"closed","template":"","meta":{"footnotes":""},"class_list":["post-1124","page","type-page","status-publish","hentry"],"_links":{"self":[{"href":"https:\/\/kutt.fi\/sv\/wp-json\/wp\/v2\/pages\/1124","targetHints":{"allow":["GET"]}}],"collection":[{"href":"https:\/\/kutt.fi\/sv\/wp-json\/wp\/v2\/pages"}],"about":[{"href":"https:\/\/kutt.fi\/sv\/wp-json\/wp\/v2\/types\/page"}],"author":[{"embeddable":true,"href":"https:\/\/kutt.fi\/sv\/wp-json\/wp\/v2\/users\/1"}],"replies":[{"embeddable":true,"href":"https:\/\/kutt.fi\/sv\/wp-json\/wp\/v2\/comments?post=1124"}],"version-history":[{"count":3,"href":"https:\/\/kutt.fi\/sv\/wp-json\/wp\/v2\/pages\/1124\/revisions"}],"predecessor-version":[{"id":1134,"href":"https:\/\/kutt.fi\/sv\/wp-json\/wp\/v2\/pages\/1124\/revisions\/1134"}],"wp:attachment":[{"href":"https:\/\/kutt.fi\/sv\/wp-json\/wp\/v2\/media?parent=1124"}],"curies":[{"name":"wp","href":"https:\/\/api.w.org\/{rel}","templated":true}]}}