{"id":1186,"date":"2022-03-03T12:52:36","date_gmt":"2022-03-03T10:52:36","guid":{"rendered":"http:\/\/uusi.kutt.fi\/?page_id=1186"},"modified":"2022-03-03T12:52:36","modified_gmt":"2022-03-03T10:52:36","slug":"tyoterveyshuollosta-voi-saada-todistuksen-tartuntatautipaivarahan-hakemista-varten","status":"publish","type":"page","link":"https:\/\/kutt.fi\/sv\/tyoterveyshuollosta-voi-saada-todistuksen-tartuntatautipaivarahan-hakemista-varten\/","title":{"rendered":"Ty\u00f6terveyshuollosta voi saada todistuksen tartuntatautip\u00e4iv\u00e4rahan hakemista varten"},"content":{"rendered":"<p>V\u00e4liaikaisen sairasvakuutuslain muutoksen my\u00f6t\u00e4 (voimassa 30.6.2022 saakka) koronavirustartunnan saanut voi hakea tartuntatautip\u00e4iv\u00e4rahaa my\u00f6s ty\u00f6terveyshuollosta l\u00e4\u00e4k\u00e4rin tai ty\u00f6terveyshoitajan kirjoittamalla todistuksella. Kela voi korvata todistuksen kirjoittamisesta aiheutuneet ty\u00f6terveyshuollon kustannukset ty\u00f6nantajalle osana ehk\u00e4isev\u00e4\u00e4 ty\u00f6terveyshuoltoa (korvausluokka I). Muuttuneen korvausk\u00e4yt\u00e4nn\u00f6n my\u00f6t\u00e4 ty\u00f6nantaja voi antaa ty\u00f6ntekij\u00f6illeen mahdollisuuden pyyt\u00e4\u00e4 todistus tartuntatautip\u00e4iv\u00e4rahaa varten ty\u00f6terveyshuollosta, vaikka sopimus on lakis\u00e4\u00e4teinen eik\u00e4 se muuten kata sairaanhoitopalveluja. Korvaamisen edellytyksen\u00e4 on, ett\u00e4 ty\u00f6nantaja on maksanut ty\u00f6terveyshuollon kustannukset. &nbsp;T\u00e4m\u00e4 poikkeusmenettely koskee my\u00f6s yritt\u00e4ji\u00e4. Todistuksen voi saada my\u00f6s terveyskeskuksesta; ohjeet voi tarkistaa kunnan\/kaupungin tai oman asuinpaikkakunnan terveysaseman<\/p>\n\n\n\n<p>internet-sivuilta.<\/p>\n\n\n\n<p><strong>&nbsp;Todistuksen my\u00f6nt\u00e4misen edellytykset ja k\u00e4yt\u00e4nn\u00f6t<\/strong><\/p>\n\n\n\n<ul class=\"wp-block-list\"><li>Koronavirustartunta on todettu luotettavasti eli laboratoriossa varmennetulla PCR-testill\u00e4 tai antigeenitestill\u00e4. Kotitestit eiv\u00e4t oikeuta tartuntatautip\u00e4iv\u00e4rahan saamiseen<\/li><li>Sinun tulee olla pois ty\u00f6st\u00e4 tartunnan levi\u00e4misriskin takia ja tarvitset todistuksen<ul><li>Todistusta ei ole tarvetta kirjoittaa, jos ansionmenetyst\u00e4 ei synny (olet lomalla, sairauslomalla, et\u00e4ty\u00f6ss\u00e4, voit tehd\u00e4 ty\u00f6si yksin jne).<\/li><\/ul><\/li><li>Ota yhteytt\u00e4 ty\u00f6terveyshoitajaan ensisijaisesti POLKU-palvelun kautta <a href=\"http:\/\/uusi.kutt.fi\/sahkoinen-asiointi\/\">S\u00e4hk\u00f6inen asiointi \u2013 Uudenmaan Ty\u00f6terveys Oy (uudenmaantyoterveys.fi)<\/a> , kun olet ensin tarkistanut, ett\u00e4 omakannassa n\u00e4kyy koronatestin positiivinen tulos.<\/li><li>Tartuntatautip\u00e4iv\u00e4rahaan oikeuttava poissaolotodistus kirjoitetaan oireiden alusta minimiss\u00e4\u00e4n 5 vrk:deksi. Tartuntariskin vuoksi uuden todistuksen voi laatia 5 pv:n j\u00e4lkeen oireiden perusteella ja jatkaa max. 10 p\u00e4iv\u00e4\u00e4 saakka<\/li><li>Mik\u00e4li tarvitset takautuvasti&nbsp;(1.1.2022 alkaen) todistusta sairastetusta koronasta, voit ottaa yhteytt\u00e4 omaan terveyskeskukseen, aiempaan hoitopaikkaan tai ty\u00f6terveyshoitajaan asian hoitamiseksi<\/li><\/ul>\n\n\n\n<p><strong>&nbsp;<\/strong><strong>Todistuksen toimittaminen ja tartuntatautip\u00e4iv\u00e4rahan hakeminen<\/strong><\/p>\n\n\n\n<ul class=\"wp-block-list\"><li>Todistus voidaan asiakkaan luvalla toimittaa suoraan ty\u00f6nantajalle SUUNTA-palvelun kautta tartuntatautip\u00e4iv\u00e4rahan hakemista varten TAI<ul><li>Todistus l\u00e4hetet\u00e4\u00e4n ty\u00f6ntekij\u00e4lle POLKU-palvelun kautta ja ty\u00f6ntekij\u00e4 varmistaa hakeeko&nbsp;&nbsp;&nbsp;<\/li><\/ul><\/li><\/ul>\n\n\n\n<p>ty\u00f6nantaja p\u00e4iv\u00e4rahan. Jos haet p\u00e4iv\u00e4rahan itse, toimita todistus p\u00e4iv\u00e4rahahakemuksen liitteen\u00e4 Kelaan. T\u00e4ll\u00f6in ty\u00f6st\u00e4 poissaolo on palkaton. Tartuntatautip\u00e4iv\u00e4raha korvaa ansiotulon menetyksen t\u00e4ysim\u00e4\u00e4r\u00e4isen\u00e4.<\/p>\n\n\n\n<ul class=\"wp-block-list\"><li>Jos todistus on kirjoitettu muualta kuin ty\u00f6terveyshuollosta, toimi ty\u00f6nantajan ohjeen mukaisesti.<\/li><li>Tartuntatautip\u00e4iv\u00e4rahaa voit hakea Kelasta kuuden kuukauden ajan tartunnasta. Hakemusprosessin voi k\u00e4ynnist\u00e4\u00e4 jo ilman todistusta<\/li><\/ul>\n\n\n\n<p>Lis\u00e4tietoa:<\/p>\n\n\n\n<p><a href=\"https:\/\/www.kela.fi\/ajankohtaista-tyonantajat\/-\/asset_publisher\/Y8xAYtXxE3Kt\/content\/tyoterveyshuollosta-voi-saada-todistuksen-tartuntatautipaivarahan-hakemista-varten\">Ty\u00f6terveyshuollosta voi saada todistuksen tartuntatautip\u00e4iv\u00e4rahan hakemista varten &#8211; Ajankohtaista ty\u00f6nantajille &#8211; kela.fi<\/a><\/p>\n\n\n\n<p>STM tiedote lakimuutoksista: <a href=\"https:\/\/stm.fi\/-\/koronan-leviamisriskin-vuoksi-pois-toista-jaaville-oikeus-tartuntatautipaivarahaan-ilman-virallista-eristamismaaraysta\">https:\/\/stm.fi\/-\/koronan-leviamisriskin-vuoksi-pois-toista-jaaville-oikeus-tartuntatautipaivarahaan-ilman-virallista-eristamismaaraysta<\/a><\/p>\n\n\n\n<p>STM tiedote asetuksesta: <a href=\"https:\/\/stm.fi\/-\/valtioneuvosto-antoi-asetuksen-tartuntatautipaivarahahakemuksiin-liitettavista-todistuksista-\">https:\/\/stm.fi\/-\/valtioneuvosto-antoi-asetuksen-tartuntatautipaivarahahakemuksiin-liitettavista-todistuksista-<\/a><\/p>","protected":false},"excerpt":{"rendered":"<p>V\u00e4liaikaisen sairasvakuutuslain muutoksen my\u00f6t\u00e4 (voimassa 30.6.2022 saakka) koronavirustartunnan saanut voi hakea tartuntatautip\u00e4iv\u00e4rahaa my\u00f6s ty\u00f6terveyshuollosta l\u00e4\u00e4k\u00e4rin tai ty\u00f6terveyshoitajan kirjoittamalla todistuksella. Kela voi korvata todistuksen kirjoittamisesta aiheutuneet ty\u00f6terveyshuollon kustannukset ty\u00f6nantajalle osana ehk\u00e4isev\u00e4\u00e4 ty\u00f6terveyshuoltoa (korvausluokka I). Muuttuneen korvausk\u00e4yt\u00e4nn\u00f6n my\u00f6t\u00e4 ty\u00f6nantaja voi antaa ty\u00f6ntekij\u00f6illeen mahdollisuuden pyyt\u00e4\u00e4 todistus tartuntatautip\u00e4iv\u00e4rahaa varten ty\u00f6terveyshuollosta, vaikka sopimus on lakis\u00e4\u00e4teinen eik\u00e4 se muuten kata sairaanhoitopalveluja.&hellip; <br \/> <a class=\"read-more\" href=\"https:\/\/kutt.fi\/sv\/tyoterveyshuollosta-voi-saada-todistuksen-tartuntatautipaivarahan-hakemista-varten\/\">Read more<\/a><\/p>","protected":false},"author":1,"featured_media":0,"parent":0,"menu_order":0,"comment_status":"closed","ping_status":"closed","template":"","meta":{"footnotes":""},"class_list":["post-1186","page","type-page","status-publish","hentry"],"_links":{"self":[{"href":"https:\/\/kutt.fi\/sv\/wp-json\/wp\/v2\/pages\/1186","targetHints":{"allow":["GET"]}}],"collection":[{"href":"https:\/\/kutt.fi\/sv\/wp-json\/wp\/v2\/pages"}],"about":[{"href":"https:\/\/kutt.fi\/sv\/wp-json\/wp\/v2\/types\/page"}],"author":[{"embeddable":true,"href":"https:\/\/kutt.fi\/sv\/wp-json\/wp\/v2\/users\/1"}],"replies":[{"embeddable":true,"href":"https:\/\/kutt.fi\/sv\/wp-json\/wp\/v2\/comments?post=1186"}],"version-history":[{"count":1,"href":"https:\/\/kutt.fi\/sv\/wp-json\/wp\/v2\/pages\/1186\/revisions"}],"predecessor-version":[{"id":1188,"href":"https:\/\/kutt.fi\/sv\/wp-json\/wp\/v2\/pages\/1186\/revisions\/1188"}],"wp:attachment":[{"href":"https:\/\/kutt.fi\/sv\/wp-json\/wp\/v2\/media?parent=1186"}],"curies":[{"name":"wp","href":"https:\/\/api.w.org\/{rel}","templated":true}]}}