{"id":1195,"date":"2022-03-03T13:00:02","date_gmt":"2022-03-03T11:00:02","guid":{"rendered":"http:\/\/uusi.kutt.fi\/?page_id=1195"},"modified":"2022-03-03T13:00:02","modified_gmt":"2022-03-03T11:00:02","slug":"tyofysioterapiapalvelut-uudenmaan-tyoterveydessa-2022","status":"publish","type":"page","link":"https:\/\/kutt.fi\/sv\/tyofysioterapiapalvelut-uudenmaan-tyoterveydessa-2022\/","title":{"rendered":"Ty\u00f6fysioterapiapalvelut Uudenmaan Ty\u00f6terveydess\u00e4 2022"},"content":{"rendered":"<p><strong>Ty\u00f6terveyshuoltolain muutoksen my\u00f6t\u00e4 ty\u00f6fysioterapiapalvelujen saatavuus ja kustannusten korvattavuus siis paranivat 1.1.2022<\/strong>. N\u00e4kyvin muutos asiakkaillemme on se, ett\u00e4 ty\u00f6fysioterapeutti voi nyt toimia itsen\u00e4isesti ty\u00f6paikan ja ty\u00f6ntekij\u00f6iden tukena eik\u00e4 ainoastaan ty\u00f6terveysl\u00e4\u00e4k\u00e4rin -tai hoitajan l\u00e4hetteell\u00e4 tai tarvearvion kautta. Muutoksesta hy\u00f6tyv\u00e4t sek\u00e4 asiakkaat ett\u00e4 yritykset. Tavoitteena on tukea tuki- ja liikuntaelinvaivojen oikea-aikaista, vaikuttavaa ja ennaltaehk\u00e4isev\u00e4\u00e4 toimintaa kustannustehokkaasti.<\/p>\n\n\n\n<p>Ty\u00f6fysioterapiapalvelut ovat osa lakis\u00e4\u00e4teist\u00e4 ennaltaehk\u00e4isev\u00e4\u00e4 ty\u00f6terveyshuoltoa ja sis\u00e4ltyv\u00e4t siten kaikkiin ty\u00f6terveyssopimuksiimme mahdollistaen yrityksen tarpeiden mukaiset ty\u00f6fysioterapiapalvelut. K\u00e4yt\u00e4nn\u00f6ss\u00e4 palveluista sovitaan yrityksen ty\u00f6terveyshuollon toimintasuunnitelmaa uusittaessa tarkemmin. Lis\u00e4tietoa saa ty\u00f6terveyshoitajilta.<\/p>","protected":false},"excerpt":{"rendered":"<p>Ty\u00f6terveyshuoltolain muutoksen my\u00f6t\u00e4 ty\u00f6fysioterapiapalvelujen saatavuus ja kustannusten korvattavuus siis paranivat 1.1.2022. N\u00e4kyvin muutos asiakkaillemme on se, ett\u00e4 ty\u00f6fysioterapeutti voi nyt toimia itsen\u00e4isesti ty\u00f6paikan ja ty\u00f6ntekij\u00f6iden tukena eik\u00e4 ainoastaan ty\u00f6terveysl\u00e4\u00e4k\u00e4rin -tai hoitajan l\u00e4hetteell\u00e4 tai tarvearvion kautta. Muutoksesta hy\u00f6tyv\u00e4t sek\u00e4 asiakkaat ett\u00e4 yritykset. Tavoitteena on tukea tuki- ja liikuntaelinvaivojen oikea-aikaista, vaikuttavaa ja ennaltaehk\u00e4isev\u00e4\u00e4 toimintaa kustannustehokkaasti. Ty\u00f6fysioterapiapalvelut ovat&hellip; <br \/> <a class=\"read-more\" href=\"https:\/\/kutt.fi\/sv\/tyofysioterapiapalvelut-uudenmaan-tyoterveydessa-2022\/\">Read more<\/a><\/p>","protected":false},"author":1,"featured_media":0,"parent":0,"menu_order":0,"comment_status":"closed","ping_status":"closed","template":"","meta":{"footnotes":""},"class_list":["post-1195","page","type-page","status-publish","hentry"],"_links":{"self":[{"href":"https:\/\/kutt.fi\/sv\/wp-json\/wp\/v2\/pages\/1195","targetHints":{"allow":["GET"]}}],"collection":[{"href":"https:\/\/kutt.fi\/sv\/wp-json\/wp\/v2\/pages"}],"about":[{"href":"https:\/\/kutt.fi\/sv\/wp-json\/wp\/v2\/types\/page"}],"author":[{"embeddable":true,"href":"https:\/\/kutt.fi\/sv\/wp-json\/wp\/v2\/users\/1"}],"replies":[{"embeddable":true,"href":"https:\/\/kutt.fi\/sv\/wp-json\/wp\/v2\/comments?post=1195"}],"version-history":[{"count":1,"href":"https:\/\/kutt.fi\/sv\/wp-json\/wp\/v2\/pages\/1195\/revisions"}],"predecessor-version":[{"id":1196,"href":"https:\/\/kutt.fi\/sv\/wp-json\/wp\/v2\/pages\/1195\/revisions\/1196"}],"wp:attachment":[{"href":"https:\/\/kutt.fi\/sv\/wp-json\/wp\/v2\/media?parent=1195"}],"curies":[{"name":"wp","href":"https:\/\/api.w.org\/{rel}","templated":true}]}}