{"id":1256,"date":"2022-04-28T14:27:04","date_gmt":"2022-04-28T12:27:04","guid":{"rendered":"http:\/\/uusi.kutt.fi\/?page_id=1256"},"modified":"2022-04-28T14:29:48","modified_gmt":"2022-04-28T12:29:48","slug":"helsingin-uusi-toimipaikka-ja-e-vastaanotto-avataan-2-5","status":"publish","type":"page","link":"https:\/\/kutt.fi\/sv\/helsingin-uusi-toimipaikka-ja-e-vastaanotto-avataan-2-5\/","title":{"rendered":"Helsingin uusi toimipaikka ja e-Vastaanotto avataan 2.5"},"content":{"rendered":"<p><strong>S\u00e4hk\u00f6inen asioinnin palvelumme laajenevat 2.5<\/strong>., kun avaamme <strong>e-Vastaanoton. <\/strong>e-Vastaanotolla ty\u00f6terveyshoitaja arvioi hoidon tarpeesi, antaa ohjeita ja liitt\u00e4\u00e4 tarvittaessa asiasi hoitamiseen ty\u00f6terveysl\u00e4\u00e4k\u00e4rin. Palvelu on k\u00e4yt\u00f6ss\u00e4, kun ty\u00f6terveyshuollon sopimukseen kuuluu sairaanhoitopalvelut ja et\u00e4palvelujen k\u00e4yt\u00f6st\u00e4 on sovittu. e-Vastaanotto on avoinna arkisin klo 7\u201312. Vastaamme klo 12 menness\u00e4 tulleisiin viesteihin mahdollisimman pian; viimeist\u00e4\u00e4n 2 tunnin kuluessa. S\u00e4hk\u00f6isen asioinnin palveluihin kirjaudutaan Uudenmaan Ty\u00f6terveyden etusivuilla&nbsp;&nbsp;&nbsp;&nbsp;&nbsp;&nbsp;&nbsp;&nbsp;&nbsp;&nbsp;&nbsp;&nbsp;&nbsp;&nbsp;&nbsp;&nbsp;&nbsp;&nbsp;&nbsp;&nbsp;&nbsp;&nbsp;&nbsp;&nbsp;&nbsp;&nbsp;&nbsp;&nbsp;&nbsp; POLKU-palvelussa&nbsp;<a href=\"https:\/\/umtt.movendosplatform.com\/#login\">https:\/\/umtt.movendosplatform.com\/#login<\/a><strong> &nbsp;<\/strong>Uusi s\u00e4hk\u00f6inen palvelu t\u00e4ydent\u00e4\u00e4 jo hyv\u00e4ksi koettuja suosittuja videovastaanottojamme ja kiireett\u00f6m\u00e4n viestinn\u00e4n palveluja.<\/p>\n\n\n\n<p><strong>Uusi Helsingin toimipaikka avataan 2.5.<\/strong> Toiminta k\u00e4ynnistyy alkuun rajoitetusti. Elokuun aikana laajennamme toimintaa asiakkaidemme kiinnostuksen mukaan. Toimipaikka sijaitsee Ortonin tiloissa osoitteessa Tenholantie 10 p\u00e4\u00e4rakennuksen A-siiven 2. kerroksessa. Yhteystiedot l\u00f6ytyv\u00e4t Uudenmaan Ty\u00f6terveyden nettisivuilta <a href=\"http:\/\/uusi.kutt.fi\/toimipaikat\/\">Toimipaikat ja yhteystiedot \u2013 Uudenmaan Ty\u00f6terveys Oy (uudenmaantyoterveys.fi)<\/a> &nbsp; Jos Helsinki on sopiva paikka esimerkiksi ty\u00f6ntekij\u00f6iden terveystarkastus toteuttamiseen, voit olla jo nyt yhteydess\u00e4 yritykselle nimettyyn ty\u00f6terveyshoitajaan tai l\u00e4hett\u00e4\u00e4 meille viestin yhteydenottolomakkeella, niin ohjaamme viestisi eteenp\u00e4in palveluista sopimiseksi: <a href=\"http:\/\/uusi.kutt.fi\/yhteydenottolomake\/\">Yhteydenottolomake \u2013 Uudenmaan Ty\u00f6terveys Oy (uudenmaantyoterveys.fi)<\/a><\/p>","protected":false},"excerpt":{"rendered":"<p>S\u00e4hk\u00f6inen asioinnin palvelumme laajenevat 2.5., kun avaamme e-Vastaanoton. e-Vastaanotolla ty\u00f6terveyshoitaja arvioi hoidon tarpeesi, antaa ohjeita ja liitt\u00e4\u00e4 tarvittaessa asiasi hoitamiseen ty\u00f6terveysl\u00e4\u00e4k\u00e4rin. Palvelu on k\u00e4yt\u00f6ss\u00e4, kun ty\u00f6terveyshuollon sopimukseen kuuluu sairaanhoitopalvelut ja et\u00e4palvelujen k\u00e4yt\u00f6st\u00e4 on sovittu. e-Vastaanotto on avoinna arkisin klo 7\u201312. Vastaamme klo 12 menness\u00e4 tulleisiin viesteihin mahdollisimman pian; viimeist\u00e4\u00e4n 2 tunnin kuluessa. S\u00e4hk\u00f6isen asioinnin palveluihin&hellip; <br \/> <a class=\"read-more\" href=\"https:\/\/kutt.fi\/sv\/helsingin-uusi-toimipaikka-ja-e-vastaanotto-avataan-2-5\/\">Read more<\/a><\/p>","protected":false},"author":1,"featured_media":0,"parent":0,"menu_order":0,"comment_status":"closed","ping_status":"closed","template":"","meta":{"footnotes":""},"class_list":["post-1256","page","type-page","status-publish","hentry"],"_links":{"self":[{"href":"https:\/\/kutt.fi\/sv\/wp-json\/wp\/v2\/pages\/1256","targetHints":{"allow":["GET"]}}],"collection":[{"href":"https:\/\/kutt.fi\/sv\/wp-json\/wp\/v2\/pages"}],"about":[{"href":"https:\/\/kutt.fi\/sv\/wp-json\/wp\/v2\/types\/page"}],"author":[{"embeddable":true,"href":"https:\/\/kutt.fi\/sv\/wp-json\/wp\/v2\/users\/1"}],"replies":[{"embeddable":true,"href":"https:\/\/kutt.fi\/sv\/wp-json\/wp\/v2\/comments?post=1256"}],"version-history":[{"count":2,"href":"https:\/\/kutt.fi\/sv\/wp-json\/wp\/v2\/pages\/1256\/revisions"}],"predecessor-version":[{"id":1260,"href":"https:\/\/kutt.fi\/sv\/wp-json\/wp\/v2\/pages\/1256\/revisions\/1260"}],"wp:attachment":[{"href":"https:\/\/kutt.fi\/sv\/wp-json\/wp\/v2\/media?parent=1256"}],"curies":[{"name":"wp","href":"https:\/\/api.w.org\/{rel}","templated":true}]}}