{"id":1831,"date":"2023-09-27T11:52:06","date_gmt":"2023-09-27T09:52:06","guid":{"rendered":"https:\/\/kutt.fi\/?page_id=1831"},"modified":"2024-01-25T10:53:48","modified_gmt":"2024-01-25T08:53:48","slug":"porvoo","status":"publish","type":"page","link":"https:\/\/kutt.fi\/sv\/porvoo\/","title":{"rendered":"Borg\u00e5"},"content":{"rendered":"<div  data-label=\"Content\" data-id=\"content--1\" data-export-id=\"content-12\" data-category=\"content\" class=\"content-12 content-section content-section-spacing\" id=\"content-1\" style=\"background-color: rgb(255, 255, 255);\"><div  class=\"gridContainer\"> <div  class=\"row text-center\"><div  class=\"section-title-col\" data-type=\"column\"> <h2  class=\"\">BORG\u00c5: Teknikb\u00e5gen 1 A III v\u00e5n. 06100 Borg\u00e5<\/h2> <p  class=\"lead\"><a data-mce-href=\"https:\/\/maps.app.goo.gl\/XuF6L3hyFDmaovmt8\" href=\"https:\/\/maps.app.goo.gl\/XuF6L3hyFDmaovmt8\" target=\"_blank\" rel=\"noopener\" data-mce-selected=\"inline-boundary\" data-cp-link=\"1\" class=\"\">Se platsen p\u00e5 kartan<\/a><\/p><\/div> <\/div> <div  class=\"row center-xs middle-xs\"> <div  class=\"col-sm-9\" data-type=\"column\"> <img  decoding=\"async\" class=\"shadow-large\" src=\"http:\/\/uusi.kutt.fi\/wp-content\/uploads\/2021\/06\/cropped-Nurmijarvi_ulkokuva-scaled-1.jpg\" title=\"cropped-Nurmijarvi_ulkokuva-scaled-1.jpg\" alt=\"\"><p  class=\"lead\" style=\"text-align: left;\">\nToimitilat sijaitsee 3 kerroksessa.<br >Parkering: p\u00e5 b\u00e5da sidorna av byggnaden.<\/p><\/div> <\/div><\/div> <\/div>","protected":false},"excerpt":{"rendered":"<p>PORVOO: Tekniikankaari 1 A, 06100 Porvoo N\u00e4yt\u00e4 sijainti kartalla Toimitilat sijaitsee 3 kerroksessa.Parkkipaikat: talon edess\u00e4 molemmin puolin.<\/p>","protected":false},"author":4,"featured_media":0,"parent":0,"menu_order":0,"comment_status":"closed","ping_status":"closed","template":"pro\/page-templates\/full-width-page.php","meta":{"footnotes":""},"class_list":["post-1831","page","type-page","status-publish","hentry"],"_links":{"self":[{"href":"https:\/\/kutt.fi\/sv\/wp-json\/wp\/v2\/pages\/1831","targetHints":{"allow":["GET"]}}],"collection":[{"href":"https:\/\/kutt.fi\/sv\/wp-json\/wp\/v2\/pages"}],"about":[{"href":"https:\/\/kutt.fi\/sv\/wp-json\/wp\/v2\/types\/page"}],"author":[{"embeddable":true,"href":"https:\/\/kutt.fi\/sv\/wp-json\/wp\/v2\/users\/4"}],"replies":[{"embeddable":true,"href":"https:\/\/kutt.fi\/sv\/wp-json\/wp\/v2\/comments?post=1831"}],"version-history":[{"count":4,"href":"https:\/\/kutt.fi\/sv\/wp-json\/wp\/v2\/pages\/1831\/revisions"}],"predecessor-version":[{"id":1940,"href":"https:\/\/kutt.fi\/sv\/wp-json\/wp\/v2\/pages\/1831\/revisions\/1940"}],"wp:attachment":[{"href":"https:\/\/kutt.fi\/sv\/wp-json\/wp\/v2\/media?parent=1831"}],"curies":[{"name":"wp","href":"https:\/\/api.w.org\/{rel}","templated":true}]}}