{"id":1832,"date":"2023-09-27T11:52:38","date_gmt":"2023-09-27T09:52:38","guid":{"rendered":"https:\/\/kutt.fi\/?page_id=1832"},"modified":"2023-09-27T11:59:32","modified_gmt":"2023-09-27T09:59:32","slug":"sipoo","status":"publish","type":"page","link":"https:\/\/kutt.fi\/sv\/sipoo\/","title":{"rendered":"Sibbo"},"content":{"rendered":"<div  data-label=\"Content\" data-id=\"content--1\" data-export-id=\"content-12\" data-category=\"content\" class=\"content-12 content-section content-section-spacing\" id=\"content-1\" style=\"background-color: rgb(255, 255, 255);\"><div  class=\"gridContainer\"> <div  class=\"row text-center\"><div  class=\"section-title-col\" data-type=\"column\"> <h2  class=\"\">SIBBO: S\u00f6derkulla torg 3, 01150 S\u00f6derkulla<\/h2> <p  class=\"lead\"><a data-mce-href=\"https:\/\/maps.app.goo.gl\/Gr8cqJxojbUnA9289\" href=\"https:\/\/maps.app.goo.gl\/Gr8cqJxojbUnA9289\" target=\"_self\" data-mce-selected=\"inline-boundary\" data-cp-link=\"1\" rel=\"noopener\">Se platsen p\u00e5 kartan<\/a><\/p><\/div> <\/div> <div  class=\"row center-xs middle-xs\"> <div  class=\"col-sm-9\" data-type=\"column\"> <img decoding=\"async\"  class=\"shadow-large\" src=\"http:\/\/uusi.kutt.fi\/wp-content\/uploads\/2021\/06\/cropped-Nurmijarvi_ulkokuva-scaled-1.jpg\" title=\"cropped-Nurmijarvi_ulkokuva-scaled-1.jpg\" alt=\"\"><p  class=\"lead\" style=\"text-align: left;\"><\/p><\/div> <\/div><\/div> <\/div>","protected":false},"excerpt":{"rendered":"<p>SIPOO: S\u00f6derkullan tori 3, 01150 S\u00f6derkulla N\u00e4yt\u00e4 sijainti kartalla<\/p>","protected":false},"author":4,"featured_media":0,"parent":0,"menu_order":0,"comment_status":"closed","ping_status":"closed","template":"pro\/page-templates\/full-width-page.php","meta":{"footnotes":""},"class_list":["post-1832","page","type-page","status-publish","hentry"],"_links":{"self":[{"href":"https:\/\/kutt.fi\/sv\/wp-json\/wp\/v2\/pages\/1832","targetHints":{"allow":["GET"]}}],"collection":[{"href":"https:\/\/kutt.fi\/sv\/wp-json\/wp\/v2\/pages"}],"about":[{"href":"https:\/\/kutt.fi\/sv\/wp-json\/wp\/v2\/types\/page"}],"author":[{"embeddable":true,"href":"https:\/\/kutt.fi\/sv\/wp-json\/wp\/v2\/users\/4"}],"replies":[{"embeddable":true,"href":"https:\/\/kutt.fi\/sv\/wp-json\/wp\/v2\/comments?post=1832"}],"version-history":[{"count":2,"href":"https:\/\/kutt.fi\/sv\/wp-json\/wp\/v2\/pages\/1832\/revisions"}],"predecessor-version":[{"id":1840,"href":"https:\/\/kutt.fi\/sv\/wp-json\/wp\/v2\/pages\/1832\/revisions\/1840"}],"wp:attachment":[{"href":"https:\/\/kutt.fi\/sv\/wp-json\/wp\/v2\/media?parent=1832"}],"curies":[{"name":"wp","href":"https:\/\/api.w.org\/{rel}","templated":true}]}}