{"id":47,"date":"2020-12-10T11:40:43","date_gmt":"2020-12-10T09:40:43","guid":{"rendered":"http:\/\/uusi.umtt.fi\/?page_id=47"},"modified":"2021-06-14T09:33:03","modified_gmt":"2021-06-14T07:33:03","slug":"lakisaateinen-tyoterveyshuolto","status":"publish","type":"page","link":"https:\/\/kutt.fi\/sv\/lakisaateinen-tyoterveyshuolto\/","title":{"rendered":"Lakis\u00e4\u00e4teinen ty\u00f6terveyshuolto"},"content":{"rendered":"<div  data-label=\"About\" data-id=\"about--2\" data-export-id=\"about-10\" data-category=\"about\" class=\"about-10 content-section content-section-spacing\" id=\"about-2\" style=\"background-color: rgb(255, 255, 255); background-image: none;\"><div  class=\"gridContainer\"> <div  class=\"row middle-sm text-center\"><div  class=\"col-sm-5 space-bottom-xs content-column content-left-sm\" data-type=\"column\">  <h2  class=\"\">Lakis\u00e4\u00e4teinen ty\u00f6terveyshuolto<\/h2> <p  class=\"\">Ennaltaehk\u00e4isev\u00e4n lakis\u00e4\u00e4teisen ty\u00f6terveyshuollon teht\u00e4v\u00e4n\u00e4 on est\u00e4\u00e4 ty\u00f6h\u00f6n liittyvien sairauksien muodostuminen ja ohjata ty\u00f6ntekij\u00e4 ty\u00f6kyvyntuen piiriin oikea-aikaisesti. Lakis\u00e4\u00e4teisen ty\u00f6terveyshuollon tavoitteena on edist\u00e4\u00e4 ty\u00f6yhteis\u00f6n ja ty\u00f6paikan terveellisyytt\u00e4 ja turvallisuutta.<br >\n<img decoding=\"async\"  draggable=\"false\" role=\"img\" class=\"emoji\" alt=\"\u2714\" src=\"https:\/\/s.w.org\/images\/core\/emoji\/13.0.1\/svg\/2714.svg\"> Ty\u00f6paikkaselvitys ja toimintasuunnitelma<br >\n<img decoding=\"async\"  draggable=\"false\" role=\"img\" class=\"emoji\" alt=\"\u2714\" src=\"https:\/\/s.w.org\/images\/core\/emoji\/13.0.1\/svg\/2714.svg\"> Ty\u00f6terveysyhteisty\u00f6 ja neuvonta<br >\n<img decoding=\"async\"  draggable=\"false\" role=\"img\" class=\"emoji\" alt=\"\u2714\" src=\"https:\/\/s.w.org\/images\/core\/emoji\/13.0.1\/svg\/2714.svg\"> Ty\u00f6suojeluyhteisty\u00f6 ja riskien arvioinnissa auttaminen (PIRA)<br >\n<img decoding=\"async\"  draggable=\"false\" role=\"img\" class=\"emoji\" alt=\"\u2714\" src=\"https:\/\/s.w.org\/images\/core\/emoji\/13.0.1\/svg\/2714.svg\"> Raportointi ja mm. sairauspoissaolojen seuranta<br >\n<img decoding=\"async\"  draggable=\"false\" role=\"img\" class=\"emoji\" alt=\"\u2714\" src=\"https:\/\/s.w.org\/images\/core\/emoji\/13.0.1\/svg\/2714.svg\"> Ty\u00f6paikan ensiaputarpeen selvitys<br >\n<img decoding=\"async\"  draggable=\"false\" role=\"img\" class=\"emoji\" alt=\"\u2714\" src=\"https:\/\/s.w.org\/images\/core\/emoji\/13.0.1\/svg\/2714.svg\"> Terveystarkastukset ja lausunnot<br >\n<img decoding=\"async\"  draggable=\"false\" role=\"img\" class=\"emoji\" alt=\"\u2714\" src=\"https:\/\/s.w.org\/images\/core\/emoji\/13.0.1\/svg\/2714.svg\"> Ty\u00f6terveysneuvottelut, kuntoutusohjaus<br >\n<img decoding=\"async\"  draggable=\"false\" role=\"img\" class=\"emoji\" alt=\"\u2714\" src=\"https:\/\/s.w.org\/images\/core\/emoji\/13.0.1\/svg\/2714.svg\"> Ty\u00f6kykyasiat \u2013ja selvitykset, tarvittaessa erikoisl\u00e4\u00e4k\u00e4rin konsultaatiot 1-3 krt<br >\n<img decoding=\"async\"  draggable=\"false\" role=\"img\" class=\"emoji\" alt=\"\u2714\" src=\"https:\/\/s.w.org\/images\/core\/emoji\/13.0.1\/svg\/2714.svg\"> Ty\u00f6fysioterapeutin, ty\u00f6terveyspsykologin konsultaatiot 1-5 krt<br >\n<img decoding=\"async\"  draggable=\"false\" role=\"img\" class=\"emoji\" alt=\"\u2714\" src=\"https:\/\/s.w.org\/images\/core\/emoji\/13.0.1\/svg\/2714.svg\"> Terveystarkastuksiin liittyv\u00e4t tutkimukset<br >\n<img decoding=\"async\"  draggable=\"false\" role=\"img\" class=\"emoji\" alt=\"\u2714\" src=\"https:\/\/s.w.org\/images\/core\/emoji\/13.0.1\/svg\/2714.svg\"> Ty\u00f6tapaturmien, ammattitautien ja ty\u00f6per\u00e4isten sairauksien tutkiminen.<\/p> <\/div> <div  class=\"col-sm-7 flexbox middle-xs center-xs space-bottom-xs\"><div  class=\"overlay-box middle-xs center-xs flexbox\"> <div  class=\"overlay-box-offset offset-border shadow-medium border-color1 hide-xs\"><\/div> <img decoding=\"async\"  class=\"shadow-large\" data-size=\"485x705\" src=\"http:\/\/uusi.kutt.fi\/wp-content\/uploads\/2021\/05\/cropped-wesley-tingey-9z9fxr_7Z-k-unsplash-scaled-1.jpg\" title=\"cropped-wesley-tingey-9z9fxr_7Z-k-unsplash-scaled-1.jpg\" alt=\"\"><\/div> <\/div><\/div> <\/div><\/div>","protected":false},"excerpt":{"rendered":"<p>Lakis\u00e4\u00e4teinen ty\u00f6terveyshuolto Ennaltaehk\u00e4isev\u00e4n lakis\u00e4\u00e4teisen ty\u00f6terveyshuollon teht\u00e4v\u00e4n\u00e4 on est\u00e4\u00e4 ty\u00f6h\u00f6n liittyvien sairauksien muodostuminen ja ohjata ty\u00f6ntekij\u00e4 ty\u00f6kyvyntuen piiriin oikea-aikaisesti. Lakis\u00e4\u00e4teisen ty\u00f6terveyshuollon tavoitteena on edist\u00e4\u00e4 ty\u00f6yhteis\u00f6n ja ty\u00f6paikan terveellisyytt\u00e4 ja turvallisuutta. Ty\u00f6paikkaselvitys ja toimintasuunnitelma Ty\u00f6terveysyhteisty\u00f6 ja neuvonta Ty\u00f6suojeluyhteisty\u00f6 ja riskien arvioinnissa auttaminen (PIRA) Raportointi ja mm. sairauspoissaolojen seuranta Ty\u00f6paikan ensiaputarpeen selvitys Terveystarkastukset ja lausunnot Ty\u00f6terveysneuvottelut, kuntoutusohjaus Ty\u00f6kykyasiat&hellip; <br \/> <a class=\"read-more\" href=\"https:\/\/kutt.fi\/sv\/lakisaateinen-tyoterveyshuolto\/\">Read more<\/a><\/p>","protected":false},"author":1,"featured_media":0,"parent":0,"menu_order":0,"comment_status":"closed","ping_status":"closed","template":"pro\/page-templates\/full-width-page.php","meta":{"footnotes":""},"class_list":["post-47","page","type-page","status-publish","hentry"],"_links":{"self":[{"href":"https:\/\/kutt.fi\/sv\/wp-json\/wp\/v2\/pages\/47","targetHints":{"allow":["GET"]}}],"collection":[{"href":"https:\/\/kutt.fi\/sv\/wp-json\/wp\/v2\/pages"}],"about":[{"href":"https:\/\/kutt.fi\/sv\/wp-json\/wp\/v2\/types\/page"}],"author":[{"embeddable":true,"href":"https:\/\/kutt.fi\/sv\/wp-json\/wp\/v2\/users\/1"}],"replies":[{"embeddable":true,"href":"https:\/\/kutt.fi\/sv\/wp-json\/wp\/v2\/comments?post=47"}],"version-history":[{"count":4,"href":"https:\/\/kutt.fi\/sv\/wp-json\/wp\/v2\/pages\/47\/revisions"}],"predecessor-version":[{"id":816,"href":"https:\/\/kutt.fi\/sv\/wp-json\/wp\/v2\/pages\/47\/revisions\/816"}],"wp:attachment":[{"href":"https:\/\/kutt.fi\/sv\/wp-json\/wp\/v2\/media?parent=47"}],"curies":[{"name":"wp","href":"https:\/\/api.w.org\/{rel}","templated":true}]}}