{"id":55,"date":"2020-12-10T11:42:22","date_gmt":"2020-12-10T09:42:22","guid":{"rendered":"http:\/\/uusi.umtt.fi\/?page_id=55"},"modified":"2025-11-28T10:29:52","modified_gmt":"2025-11-28T08:29:52","slug":"laboratorio-ja-kuvantaminen","status":"publish","type":"page","link":"https:\/\/kutt.fi\/sv\/laboratorio-ja-kuvantaminen\/","title":{"rendered":"Laboratorio ja kuvantaminen"},"content":{"rendered":"<div  data-label=\"About\" data-id=\"about--1\" data-export-id=\"about-10\" data-category=\"about\" class=\"about-10 content-section content-section-spacing\" id=\"about-1\" style=\"background-color: rgb(255, 255, 255);\"><div  class=\"gridContainer\"> <div  class=\"row middle-sm text-center\"><div  class=\"col-sm-5 space-bottom-xs content-column content-left-sm\" data-type=\"column\">  <h2  class=\"\">Laboratorio ja kuvantaminen<\/h2> <p  class=\"\">Ty\u00f6kyvyn yll\u00e4pit\u00e4minen ja sairauksien saattavat vaatia diagnostisia tutkimuksia, kuten laboratorio- tai r\u00f6ntgentutkimuksia.<br >\nHinnoittelumme pidet\u00e4\u00e4n kohtuullisena ja ennakoitavana  -mahdollisista kalliimmista tutkimuksista neuvottelemme aina erikseen ty\u00f6nantajan kanssa.  Muistathan, ett\u00e4 tutkimuksiin tulee aina olla l\u00e4hete Uudenmaan Ty\u00f6terveydest\u00e4.\n<br ><br ><span  style=\"font-weight: 600;\">Asiakkaidemme diagnostisista tutkimuksista vastaavat SYNLAB,&nbsp;ARVOTERVEYS (Lohja, Vihti, Porvoo),&nbsp;HUSLAB (Karkkila, M\u00e4nts\u00e4l\u00e4) ja HUS Kuvantaminen (Vihti, Lohja, Karkkila, M\u00e4nts\u00e4l\u00e4). Lis\u00e4ksi teemme omana toimintanamme seuraavia kliinisen fysiologian tutkimuksia: unipolygrafia, 24-tunnin EKG, oire-EKG, spirometria, spirometria+bronkodilataatio, kuulo.<\/span>\n<br ><br >\n<br ><br ><span  style=\"font-weight: 600;\">SYNLAB: Ajanvaraus osoitteesta:&nbsp;<a  data-mce-href=\"http:\/\/synlab.fi\" href=\"http:\/\/synlab.fi\" target=\"_self\" data-mce-selected=\"inline-boundary\" data-cp-link=\"1\" rel=\"noopener\" class=\"\">synlab.fi<\/a>&nbsp;tai puhelimitse:&nbsp;010 326 3260.  arkisin klo 7.30-19&nbsp;ja lauantaisin klo 10-18. Klaukkalan toimipaikkaan ajanvaraus vain puhelimitse.\n<\/span><br ><br ><span style=\"font-weight: 600;\" >ArvoTerveys: Ajanvaraus osoitteessa: <a data-mce-href=\"https:\/\/arvoterveys.fi\" href=\"https:\/\/arvoterveys.fi\" target=\"_self\" data-mce-selected=\"inline-boundary\"  data-cp-link=\"1\">arvoterveys.fi<\/a><\/span><br ><br ><span  style=\"font-weight: 600;\">\nHUSLAB: Ajanvaraus osoitteessa: <a  data-mce-href=\"https:\/\/www.hus.fi\/hoidot-ja-tutkimukset\/laboratorion-ajanvaraus-ja-neuvonta\" href=\"https:\/\/www.hus.fi\/hoidot-ja-tutkimukset\/laboratorion-ajanvaraus-ja-neuvonta\" target=\"_self\" data-mce-selected=\"inline-boundary\" data-cp-link=\"1\" rel=\"noopener\" class=\"\">https:\/\/www.hus.fi\/hoidot-ja-tutkimukset\/laboratorion-ajanvaraus-ja-neuvonta<\/a>tai puhelimitse 09 471 86800&nbsp;arkisin klo 7.30-15.30.\n<\/span><br ><br ><span  style=\"font-weight: 600;\">\nHUS Kuvantaminen: Luuston ja keuhkojen kuvaukset r\u00f6ntgentutkimukset tehd\u00e4\u00e4n ilman ajanvarausta Muihin tutkimuksiin tulee varata aika: <a  data-mce-href=\"https:\/\/www.maisa.fi\" href=\"https:\/\/www.maisa.fi\" target=\"_self\" data-mce-selected=\"inline-boundary\" rel=\"noopener\" class=\"\" data-cp-link=\"1\">https:\/\/www.maisa.fi<\/a><\/span><\/p> <\/div> <div  class=\"col-sm-7 flexbox middle-xs center-xs space-bottom-xs\"><div  class=\"overlay-box middle-xs center-xs flexbox\"> <div  class=\"overlay-box-offset offset-border shadow-medium border-color1 hide-xs\"><\/div> <img  decoding=\"async\" class=\"shadow-large\" data-size=\"485x705\" src=\"http:\/\/uusi.kutt.fi\/wp-content\/uploads\/2021\/05\/testalize-me-0jE8ynV4mis-unsplash.jpg\" title=\"testalize-me-0jE8ynV4mis-unsplash\" alt=\"\"><\/div> <\/div><\/div> <\/div><\/div>","protected":false},"excerpt":{"rendered":"<p>Laboratorio ja kuvantaminen Ty\u00f6kyvyn yll\u00e4pit\u00e4minen ja sairauksien saattavat vaatia diagnostisia tutkimuksia, kuten laboratorio- tai r\u00f6ntgentutkimuksia. Hinnoittelumme pidet\u00e4\u00e4n kohtuullisena ja ennakoitavana -mahdollisista kalliimmista tutkimuksista neuvottelemme aina erikseen ty\u00f6nantajan kanssa. Muistathan, ett\u00e4 tutkimuksiin tulee aina olla l\u00e4hete Uudenmaan Ty\u00f6terveydest\u00e4. Asiakkaidemme diagnostisista tutkimuksista vastaavat SYNLAB,&nbsp;ARVOTERVEYS (Lohja, Vihti, Porvoo),&nbsp;HUSLAB (Karkkila, M\u00e4nts\u00e4l\u00e4) ja HUS Kuvantaminen (Vihti, Lohja, Karkkila, M\u00e4nts\u00e4l\u00e4). Lis\u00e4ksi&hellip; <br \/> <a class=\"read-more\" href=\"https:\/\/kutt.fi\/sv\/laboratorio-ja-kuvantaminen\/\">Read more<\/a><\/p>","protected":false},"author":1,"featured_media":0,"parent":0,"menu_order":0,"comment_status":"closed","ping_status":"closed","template":"pro\/page-templates\/full-width-page.php","meta":{"footnotes":""},"class_list":["post-55","page","type-page","status-publish","hentry"],"_links":{"self":[{"href":"https:\/\/kutt.fi\/sv\/wp-json\/wp\/v2\/pages\/55","targetHints":{"allow":["GET"]}}],"collection":[{"href":"https:\/\/kutt.fi\/sv\/wp-json\/wp\/v2\/pages"}],"about":[{"href":"https:\/\/kutt.fi\/sv\/wp-json\/wp\/v2\/types\/page"}],"author":[{"embeddable":true,"href":"https:\/\/kutt.fi\/sv\/wp-json\/wp\/v2\/users\/1"}],"replies":[{"embeddable":true,"href":"https:\/\/kutt.fi\/sv\/wp-json\/wp\/v2\/comments?post=55"}],"version-history":[{"count":11,"href":"https:\/\/kutt.fi\/sv\/wp-json\/wp\/v2\/pages\/55\/revisions"}],"predecessor-version":[{"id":2218,"href":"https:\/\/kutt.fi\/sv\/wp-json\/wp\/v2\/pages\/55\/revisions\/2218"}],"wp:attachment":[{"href":"https:\/\/kutt.fi\/sv\/wp-json\/wp\/v2\/media?parent=55"}],"curies":[{"name":"wp","href":"https:\/\/api.w.org\/{rel}","templated":true}]}}