{"id":57,"date":"2020-12-10T11:42:41","date_gmt":"2020-12-10T09:42:41","guid":{"rendered":"http:\/\/uusi.umtt.fi\/?page_id=57"},"modified":"2021-06-14T09:41:26","modified_gmt":"2021-06-14T07:41:26","slug":"lomakkeet","status":"publish","type":"page","link":"https:\/\/kutt.fi\/sv\/lomakkeet\/","title":{"rendered":"Lomakkeet"},"content":{"rendered":"<div  data-label=\"About\" data-id=\"about--1\" data-export-id=\"about-10\" data-category=\"about\" class=\"about-10 content-section content-section-spacing\" id=\"about-1\" style=\"background-color: rgb(255, 255, 255);\"><div  class=\"gridContainer\"> <div  class=\"row middle-sm text-center\"><div  class=\"col-sm-5 space-bottom-xs content-column content-left-sm\" data-type=\"column\">  <h2  class=\"\">Lomakkeet<\/h2> <p  class=\"\"><a data-mce-href=\"..\/wp-content\/uploads\/2021\/06\/Selvitys-terveydentilasta-03.18-UTT.docx\" href=\"..\/wp-content\/uploads\/2021\/06\/Selvitys-terveydentilasta-03.18-UTT.docx\" target=\"_self\" data-mce-selected=\"inline-boundary\" data-cp-link=\"1\" rel=\"noopener\" class=\"\"><span  style=\"font-weight: 700;\">Terveystarkastuksen esitietolomake<\/span><\/a><br ><a data-mce-href=\"..\/wp-content\/uploads\/2021\/06\/Tyopaikkaselvitys-esitietolomake-UTT-23.9.2020.docx\" href=\"..\/wp-content\/uploads\/2021\/06\/Tyopaikkaselvitys-esitietolomake-UTT-23.9.2020.docx\" target=\"_self\" data-mce-selected=\"inline-boundary\" data-cp-link=\"1\" rel=\"noopener\" class=\"\"><span  style=\"font-weight: 700;\">\nTy\u00f6paikkaselvityksen esitietolomake<\/span><\/a><br ><a data-mce-href=\"..\/wp-content\/uploads\/2021\/06\/VATU-JA-TYOKYKYOHJE-1.9..20-UTT.docx\" href=\"..\/wp-content\/uploads\/2021\/06\/VATU-JA-TYOKYKYOHJE-1.9..20-UTT.docx\" target=\"_self\" data-mce-selected=\"inline-boundary\" data-cp-link=\"1\" rel=\"noopener\" class=\"\"><span  style=\"font-weight: 700;\">\nVarhainen tuki\/Ty\u00f6kyvyn arviointipyynt\u00f6<\/span><\/a><br ><a data-mce-href=\"..\/wp-content\/uploads\/2021\/06\/UTT-Hoitoonohjauslomake.docx\" href=\"..\/wp-content\/uploads\/2021\/06\/UTT-Hoitoonohjauslomake.docx\" target=\"_self\" data-mce-selected=\"inline-boundary\" data-cp-link=\"1\" rel=\"noopener\" class=\"\"><span  style=\"font-weight: 700;\">\nHoitoonohjaus p\u00e4ihdeongelmassa<\/span><\/a><\/p> <\/div> <div  class=\"col-sm-7 flexbox middle-xs center-xs space-bottom-xs\"><div  class=\"overlay-box middle-xs center-xs flexbox\"> <div  class=\"overlay-box-offset offset-border shadow-medium border-color1 hide-xs\"><\/div> <img decoding=\"async\"  class=\"shadow-large\" data-size=\"485x705\" src=\"http:\/\/uusi.kutt.fi\/wp-content\/uploads\/2021\/05\/cropped-kelly-sikkema-SiOW0btU0zk-unsplash-scaled-1.jpg\" title=\"cropped-kelly-sikkema-SiOW0btU0zk-unsplash-scaled-1.jpg\" alt=\"\"><\/div> <\/div><\/div> <\/div><\/div>","protected":false},"excerpt":{"rendered":"<p>Lomakkeet Terveystarkastuksen esitietolomake Ty\u00f6paikkaselvityksen esitietolomake Varhainen tuki\/Ty\u00f6kyvyn arviointipyynt\u00f6 Hoitoonohjaus p\u00e4ihdeongelmassa<\/p>","protected":false},"author":1,"featured_media":0,"parent":0,"menu_order":0,"comment_status":"closed","ping_status":"closed","template":"pro\/page-templates\/full-width-page.php","meta":{"footnotes":""},"class_list":["post-57","page","type-page","status-publish","hentry"],"_links":{"self":[{"href":"https:\/\/kutt.fi\/sv\/wp-json\/wp\/v2\/pages\/57","targetHints":{"allow":["GET"]}}],"collection":[{"href":"https:\/\/kutt.fi\/sv\/wp-json\/wp\/v2\/pages"}],"about":[{"href":"https:\/\/kutt.fi\/sv\/wp-json\/wp\/v2\/types\/page"}],"author":[{"embeddable":true,"href":"https:\/\/kutt.fi\/sv\/wp-json\/wp\/v2\/users\/1"}],"replies":[{"embeddable":true,"href":"https:\/\/kutt.fi\/sv\/wp-json\/wp\/v2\/comments?post=57"}],"version-history":[{"count":5,"href":"https:\/\/kutt.fi\/sv\/wp-json\/wp\/v2\/pages\/57\/revisions"}],"predecessor-version":[{"id":826,"href":"https:\/\/kutt.fi\/sv\/wp-json\/wp\/v2\/pages\/57\/revisions\/826"}],"wp:attachment":[{"href":"https:\/\/kutt.fi\/sv\/wp-json\/wp\/v2\/media?parent=57"}],"curies":[{"name":"wp","href":"https:\/\/api.w.org\/{rel}","templated":true}]}}