{"id":59,"date":"2020-12-10T11:42:53","date_gmt":"2020-12-10T09:42:53","guid":{"rendered":"http:\/\/uusi.umtt.fi\/?page_id=59"},"modified":"2026-04-30T11:38:27","modified_gmt":"2026-04-30T09:38:27","slug":"puhelinasiointi","status":"publish","type":"page","link":"https:\/\/kutt.fi\/sv\/puhelinasiointi\/","title":{"rendered":"Telefonservice"},"content":{"rendered":"<div  data-label=\"About\" data-id=\"about--1\" data-export-id=\"about-10\" data-category=\"about\" class=\"about-10 content-section content-section-spacing\" id=\"about-1\" style=\"background-color: rgb(255, 255, 255);\"><div  class=\"gridContainer\"> <div  class=\"row middle-sm text-center\"><div  class=\"col-sm-5 space-bottom-xs content-column content-left-sm\" data-type=\"column\">  <h2  class=\"\">Telefonservice<\/h2> <p  class=\"\"><b >Servicenummer:\n<\/b><br ><span  style=\"font-weight: 600;\">Tusby, Nurmij\u00e4rvi, M\u00e4nts\u00e4l\u00e4 on Borgn\u00e4s personal: \n<\/span>\n<br >(ma 8.00-15.00 ja ti-pe, sek\u00e4 aattop\u00e4ivin\u00e4 8.00-12.00)<br >09 4139 0100<br ><span  style=\"font-weight: 600;\">H\u00f6gfors, Lojo och Vichtis personal:<\/span>\n<br >(ma 8.00-15.00 ja ti-pe, sek\u00e4 aattop\u00e4ivin\u00e4 8.00-12.00)<br >09 4134 0100<br >\n<span  style=\"font-weight: 600;\">Keusote personal:<\/span>\n<br >Keusoten henkil\u00f6st\u00f6n yhteydenotto ty\u00f6terveyteen vain POLKU-palvelun kautta.<br >\nJos et p\u00e4\u00e4se kirjautumaan palveluun, ota yhteytt\u00e4 esihenkil\u00f6\u00f6si.<br ><span  style=\"font-weight: 600;\">Porvoon ja Sipoon henkil\u00f6st\u00f6:\n\n<\/span>(ma-ti klo 8-10 ja ke-pe klo 8-9)<br >09 4139 0101\n<br >POLKU 24\/7 asiakaspalveluun voit ottaa yhteytt\u00e4 sinulle sopivana aikana. Viestej\u00e4 vastaanotetaan arkisin ty\u00f6p\u00e4iv\u00e4n ajan.<\/p> <\/div> <div  class=\"col-sm-7 flexbox middle-xs center-xs space-bottom-xs\"><div  class=\"overlay-box middle-xs center-xs flexbox\"> <div  class=\"overlay-box-offset offset-border shadow-medium border-color1 hide-xs\"><\/div> <img  decoding=\"async\" class=\"shadow-large\" data-size=\"485x705\" src=\"https:\/\/kutt.fi\/wp-content\/uploads\/2023\/08\/pexels-porapak-apichodilok-346734-scaled.jpg\" title=\"pexels-porapak-apichodilok-346734\" alt=\"\"><\/div> <\/div><\/div> <\/div><\/div>","protected":false},"excerpt":{"rendered":"<p>Puhelinasiointi Ajanvarausnumerot: Tuusulan, Nurmij\u00e4rven, M\u00e4nts\u00e4l\u00e4n ja Pornaisten henkil\u00f6st\u00f6: (ma 8.00-15.00 ja ti-pe, sek\u00e4 aattop\u00e4ivin\u00e4 8.00-12.00)09 4139 0100Karkkilan, Lohjan ja Vihdin henkil\u00f6st\u00f6: (ma 8.00-15.00 ja ti-pe, sek\u00e4 aattop\u00e4ivin\u00e4 8.00-12.00)09 4134 0100 Keusoten henkil\u00f6st\u00f6: Keusoten henkil\u00f6st\u00f6n yhteydenotto ty\u00f6terveyteen vain POLKU-palvelun kautta. Jos et p\u00e4\u00e4se kirjautumaan palveluun, ota yhteytt\u00e4 esihenkil\u00f6\u00f6si.Porvoon ja Sipoon henkil\u00f6st\u00f6: (ma-ti klo 8-10 ja ke-pe&hellip; <br \/> <a class=\"read-more\" href=\"https:\/\/kutt.fi\/sv\/puhelinasiointi\/\">Read more<\/a><\/p>","protected":false},"author":1,"featured_media":0,"parent":0,"menu_order":0,"comment_status":"closed","ping_status":"closed","template":"pro\/page-templates\/full-width-page.php","meta":{"footnotes":""},"class_list":["post-59","page","type-page","status-publish","hentry"],"_links":{"self":[{"href":"https:\/\/kutt.fi\/sv\/wp-json\/wp\/v2\/pages\/59","targetHints":{"allow":["GET"]}}],"collection":[{"href":"https:\/\/kutt.fi\/sv\/wp-json\/wp\/v2\/pages"}],"about":[{"href":"https:\/\/kutt.fi\/sv\/wp-json\/wp\/v2\/types\/page"}],"author":[{"embeddable":true,"href":"https:\/\/kutt.fi\/sv\/wp-json\/wp\/v2\/users\/1"}],"replies":[{"embeddable":true,"href":"https:\/\/kutt.fi\/sv\/wp-json\/wp\/v2\/comments?post=59"}],"version-history":[{"count":48,"href":"https:\/\/kutt.fi\/sv\/wp-json\/wp\/v2\/pages\/59\/revisions"}],"predecessor-version":[{"id":2280,"href":"https:\/\/kutt.fi\/sv\/wp-json\/wp\/v2\/pages\/59\/revisions\/2280"}],"wp:attachment":[{"href":"https:\/\/kutt.fi\/sv\/wp-json\/wp\/v2\/media?parent=59"}],"curies":[{"name":"wp","href":"https:\/\/api.w.org\/{rel}","templated":true}]}}