{"id":637,"date":"2021-06-10T07:38:38","date_gmt":"2021-06-10T05:38:38","guid":{"rendered":"http:\/\/uusi.umtt.fi\/?page_id=637"},"modified":"2025-06-30T07:59:05","modified_gmt":"2025-06-30T05:59:05","slug":"klaukkala","status":"publish","type":"page","link":"https:\/\/kutt.fi\/sv\/klaukkala\/","title":{"rendered":"Klaukkala"},"content":{"rendered":"<div  data-label=\"Content\" data-id=\"content--1\" data-export-id=\"content-12\" data-category=\"content\" class=\"content-12 content-section content-section-spacing\" id=\"content-1\" style=\"background-color: rgb(255, 255, 255);\"><div  class=\"gridContainer\"> <div  class=\"row text-center\"><div  class=\"section-title-col\" data-type=\"column\"> <h2  class=\"\">KLAUKKALA: Vaskom\u00e4entie 2, 01800 Klaukkala<\/h2> <p  class=\"lead\"><a  data-mce-href=\"https:\/\/goo.gl\/maps\/TM5zWyC3uaBbAZHu9\" href=\"https:\/\/goo.gl\/maps\/TM5zWyC3uaBbAZHu9\" target=\"_self\" data-mce-selected=\"inline-boundary\" data-cp-link=\"1\" rel=\"noopener\" class=\"\">Se platsen p\u00e5 kartan<\/a><\/p><\/div> <\/div> <div  class=\"row center-xs middle-xs\"> <div  class=\"col-sm-9\" data-type=\"column\"> <img  decoding=\"async\" class=\"shadow-large\" src=\"http:\/\/uusi.kutt.fi\/wp-content\/uploads\/2021\/06\/Klaukkala_toimisto.jpg\" title=\"Klaukkala_toimisto\" alt=\"\"><p  class=\"lead\" style=\"text-align: left;\">Kulku toimipaikkaan: toimipaikka sijaitsee Klaukkalan terveysaseman alakerrassa. K\u00e4ynti terveysaseman p\u00e4\u00e4ovesta, josta hissill\u00e4 \/ portaita alas yksi kerrosv\u00e4li. Hissiaulasta vasemmalle.\n<br ><br >\nParkkipaikat: terveysaseman pihassa ilmaisia parkkipaikkoja.&nbsp;<\/p><\/div> <\/div><\/div> <\/div>","protected":false},"excerpt":{"rendered":"<p>KLAUKKALA: Vaskom\u00e4entie 2, 01800 Klaukkala N\u00e4yt\u00e4 sijainti kartalla Kulku toimipaikkaan: toimipaikka sijaitsee Klaukkalan terveysaseman alakerrassa. K\u00e4ynti terveysaseman p\u00e4\u00e4ovesta, josta hissill\u00e4 \/ portaita alas yksi kerrosv\u00e4li. Hissiaulasta vasemmalle. Parkkipaikat: terveysaseman pihassa ilmaisia parkkipaikkoja.&nbsp;<\/p>","protected":false},"author":1,"featured_media":0,"parent":0,"menu_order":0,"comment_status":"closed","ping_status":"closed","template":"pro\/page-templates\/full-width-page.php","meta":{"footnotes":""},"class_list":["post-637","page","type-page","status-publish","hentry"],"_links":{"self":[{"href":"https:\/\/kutt.fi\/sv\/wp-json\/wp\/v2\/pages\/637","targetHints":{"allow":["GET"]}}],"collection":[{"href":"https:\/\/kutt.fi\/sv\/wp-json\/wp\/v2\/pages"}],"about":[{"href":"https:\/\/kutt.fi\/sv\/wp-json\/wp\/v2\/types\/page"}],"author":[{"embeddable":true,"href":"https:\/\/kutt.fi\/sv\/wp-json\/wp\/v2\/users\/1"}],"replies":[{"embeddable":true,"href":"https:\/\/kutt.fi\/sv\/wp-json\/wp\/v2\/comments?post=637"}],"version-history":[{"count":12,"href":"https:\/\/kutt.fi\/sv\/wp-json\/wp\/v2\/pages\/637\/revisions"}],"predecessor-version":[{"id":2157,"href":"https:\/\/kutt.fi\/sv\/wp-json\/wp\/v2\/pages\/637\/revisions\/2157"}],"wp:attachment":[{"href":"https:\/\/kutt.fi\/sv\/wp-json\/wp\/v2\/media?parent=637"}],"curies":[{"name":"wp","href":"https:\/\/api.w.org\/{rel}","templated":true}]}}