{"id":654,"date":"2021-06-09T12:51:49","date_gmt":"2021-06-09T10:51:49","guid":{"rendered":"http:\/\/uusi.umtt.fi\/?page_id=654"},"modified":"2021-06-15T09:47:26","modified_gmt":"2021-06-15T07:47:26","slug":"koronainfo","status":"publish","type":"page","link":"https:\/\/kutt.fi\/sv\/koronainfo\/","title":{"rendered":"Koronainfo"},"content":{"rendered":"<div  data-label=\"About\" data-id=\"about--1\" data-export-id=\"about-10\" data-category=\"about\" class=\"about-10 content-section content-section-spacing\" id=\"about-1\" style=\"background-color: rgb(255, 255, 255);\"><div  class=\"gridContainer\"> <div  class=\"row middle-sm text-center\"><div  class=\"col-sm-5 space-bottom-xs content-column\" data-type=\"column\">  <h2  class=\"\">Koronainfo<\/h2> <p  class=\"\">L\u00f6yd\u00e4t ajantasaiset tiedot koronavirustilanteesta sek\u00e4 ohjeet koronavirustartunnan ehk\u00e4isyyn alla olevista linkeist\u00e4. Noudatamme toimipaikoissamme voimassa olevia viranomaissuosituksia, jotta asiointi Uudenmaan Ty\u00f6terveydess\u00e4 on turvallista kaikille asiakkaille.<br >\nEth\u00e4n tule vastaanotolle infektio-oireisena vaan k\u00e4yt\u00e4t tarvittaessa et\u00e4palveluitamme. Tavallisen vastaanoton muuttaminen videovastaanotoksi onnistuu helposti ottamalla yhteytt\u00e4 ajanvaraukseemme. Yhteystiedot l\u00f6yd\u00e4t sivun alalaidasta.\n<br ><br >\n<a data-mce-href=\"https:\/\/thl.fi\/fi\/web\/infektiotaudit-ja-rokotukset\/ajankohtaista\/ajankohtaista-koronaviruksesta-covid-19\" href=\"https:\/\/thl.fi\/fi\/web\/infektiotaudit-ja-rokotukset\/ajankohtaista\/ajankohtaista-koronaviruksesta-covid-19\" target=\"_self\" data-mce-selected=\"inline-boundary\" data-cp-link=\"1\" rel=\"noopener\" class=\"\">https:\/\/thl.fi\/fi\/web\/infektiotaudit-ja-rokotukset\/ajankohtaista\/ajankohtaista-koronaviruksesta-covid-19<\/a><br >\n<a data-mce-href=\"https:\/\/hyvatyo.ttl.fi\/koronavirus\/ohje-tyontekijalle\" href=\"https:\/\/hyvatyo.ttl.fi\/koronavirus\/ohje-tyontekijalle\" target=\"_self\" data-mce-selected=\"inline-boundary\" data-cp-link=\"1\" rel=\"noopener\" class=\"\">https:\/\/hyvatyo.ttl.fi\/koronavirus\/ohje-tyontekijalle<\/a><\/p> <\/div> <div  class=\"col-sm-7 flexbox middle-xs center-xs space-bottom-xs\"><div  class=\"overlay-box middle-xs center-xs flexbox\"> <div  class=\"overlay-box-offset offset-border shadow-medium border-color1 hide-xs\"><\/div> <img decoding=\"async\"  class=\"shadow-large\" data-size=\"485x705\" src=\"http:\/\/uusi.kutt.fi\/wp-content\/uploads\/2021\/06\/cdc-k0KRNtqcjfw-unsplash-scaled.jpg\" title=\"cdc-k0KRNtqcjfw-unsplash\" alt=\"\"><\/div> <\/div><\/div> <\/div><\/div>","protected":false},"excerpt":{"rendered":"<p>Koronainfo L\u00f6yd\u00e4t ajantasaiset tiedot koronavirustilanteesta sek\u00e4 ohjeet koronavirustartunnan ehk\u00e4isyyn alla olevista linkeist\u00e4. Noudatamme toimipaikoissamme voimassa olevia viranomaissuosituksia, jotta asiointi Uudenmaan Ty\u00f6terveydess\u00e4 on turvallista kaikille asiakkaille. Eth\u00e4n tule vastaanotolle infektio-oireisena vaan k\u00e4yt\u00e4t tarvittaessa et\u00e4palveluitamme. Tavallisen vastaanoton muuttaminen videovastaanotoksi onnistuu helposti ottamalla yhteytt\u00e4 ajanvaraukseemme. Yhteystiedot l\u00f6yd\u00e4t sivun alalaidasta. https:\/\/thl.fi\/fi\/web\/infektiotaudit-ja-rokotukset\/ajankohtaista\/ajankohtaista-koronaviruksesta-covid-19 https:\/\/hyvatyo.ttl.fi\/koronavirus\/ohje-tyontekijalle<\/p>","protected":false},"author":1,"featured_media":0,"parent":0,"menu_order":0,"comment_status":"closed","ping_status":"closed","template":"pro\/page-templates\/full-width-page.php","meta":{"footnotes":""},"class_list":["post-654","page","type-page","status-publish","hentry"],"_links":{"self":[{"href":"https:\/\/kutt.fi\/sv\/wp-json\/wp\/v2\/pages\/654","targetHints":{"allow":["GET"]}}],"collection":[{"href":"https:\/\/kutt.fi\/sv\/wp-json\/wp\/v2\/pages"}],"about":[{"href":"https:\/\/kutt.fi\/sv\/wp-json\/wp\/v2\/types\/page"}],"author":[{"embeddable":true,"href":"https:\/\/kutt.fi\/sv\/wp-json\/wp\/v2\/users\/1"}],"replies":[{"embeddable":true,"href":"https:\/\/kutt.fi\/sv\/wp-json\/wp\/v2\/comments?post=654"}],"version-history":[{"count":6,"href":"https:\/\/kutt.fi\/sv\/wp-json\/wp\/v2\/pages\/654\/revisions"}],"predecessor-version":[{"id":885,"href":"https:\/\/kutt.fi\/sv\/wp-json\/wp\/v2\/pages\/654\/revisions\/885"}],"wp:attachment":[{"href":"https:\/\/kutt.fi\/sv\/wp-json\/wp\/v2\/media?parent=654"}],"curies":[{"name":"wp","href":"https:\/\/api.w.org\/{rel}","templated":true}]}}