{"id":675,"date":"2021-06-10T09:16:11","date_gmt":"2021-06-10T07:16:11","guid":{"rendered":"http:\/\/uusi.umtt.fi\/?page_id=675"},"modified":"2025-06-27T08:34:33","modified_gmt":"2025-06-27T06:34:33","slug":"jarvenpaa","status":"publish","type":"page","link":"https:\/\/kutt.fi\/sv\/jarvenpaa\/","title":{"rendered":"J\u00e4rvenp\u00e4\u00e4"},"content":{"rendered":"<div  data-label=\"Content\" data-id=\"content--1\" data-export-id=\"content-12\" data-category=\"content\" class=\"content-12 content-section content-section-spacing\" id=\"content-1\" style=\"background-color: rgb(255, 255, 255);\"><div  class=\"gridContainer\"> <div  class=\"row text-center\"><div  class=\"section-title-col\" data-type=\"column\"> <h2  class=\"\">J\u00c4RVENP\u00c4\u00c4: Sibeliuksenkatu 14, 04400 J\u00e4rvenp\u00e4\u00e4<\/h2> <p  class=\"lead\"><a  data-mce-href=\"https:\/\/goo.gl\/maps\/TQMx1gkzmAUmhc2E8\" href=\"https:\/\/goo.gl\/maps\/TQMx1gkzmAUmhc2E8\" target=\"_self\" data-mce-selected=\"inline-boundary\" data-cp-link=\"1\" class=\"\" rel=\"noopener\">Se platsen p\u00e5 kartan<\/a><\/p><\/div> <\/div> <div  class=\"row center-xs middle-xs\"> <div  class=\"col-sm-9\" data-type=\"column\"> <img  decoding=\"async\" class=\"shadow-large\" src=\"http:\/\/uusi.kutt.fi\/wp-content\/uploads\/2021\/06\/Jarvenpaa_toimisto_vara1-scaled.jpg\" title=\"Jarvenpaa_toimisto_vara1\" alt=\"\"><p  class=\"lead\" style=\"text-align: left;\">Kulku toimipaikkaan: kulku k\u00e4velykadulta talon oikealta puolelta, kahden talon v\u00e4list\u00e4. Sijaitsee toisessa kerroksessa, mahdollisuus k\u00e4ytt\u00e4\u00e4 hissi\u00e4.\n\n<br ><br >Parkkipaikat: Pys\u00e4k\u00f6inti on mahdollista pys\u00e4k\u00f6intikiekkoa k\u00e4ytt\u00e4en esimerkiksi osoitteissa:  Mannilantie 36 kohdalta sis\u00e4\u00e4najettava iso parkkipaikka,  Tupalantie 3 tai Helsingintie 4\u20138<br ><br >Pahoittelemme ikkunaremontin aiheuttamaa tilap\u00e4ist\u00e4 haittaa toimipisteell\u00e4!<\/p><\/div> <\/div><\/div> <\/div>","protected":false},"excerpt":{"rendered":"<p>J\u00c4RVENP\u00c4\u00c4: Sibeliuksenkatu 14, 04400 J\u00e4rvenp\u00e4\u00e4 N\u00e4yt\u00e4 sijainti kartalla Kulku toimipaikkaan: kulku k\u00e4velykadulta talon oikealta puolelta, kahden talon v\u00e4list\u00e4. Sijaitsee toisessa kerroksessa, mahdollisuus k\u00e4ytt\u00e4\u00e4 hissi\u00e4. Parkkipaikat: Pys\u00e4k\u00f6inti on mahdollista pys\u00e4k\u00f6intikiekkoa k\u00e4ytt\u00e4en esimerkiksi osoitteissa: Mannilantie 36 kohdalta sis\u00e4\u00e4najettava iso parkkipaikka, Tupalantie 3 tai Helsingintie 4\u20138Pahoittelemme ikkunaremontin aiheuttamaa tilap\u00e4ist\u00e4 haittaa toimipisteell\u00e4!<\/p>","protected":false},"author":1,"featured_media":0,"parent":0,"menu_order":0,"comment_status":"closed","ping_status":"closed","template":"pro\/page-templates\/full-width-page.php","meta":{"footnotes":""},"class_list":["post-675","page","type-page","status-publish","hentry"],"_links":{"self":[{"href":"https:\/\/kutt.fi\/sv\/wp-json\/wp\/v2\/pages\/675","targetHints":{"allow":["GET"]}}],"collection":[{"href":"https:\/\/kutt.fi\/sv\/wp-json\/wp\/v2\/pages"}],"about":[{"href":"https:\/\/kutt.fi\/sv\/wp-json\/wp\/v2\/types\/page"}],"author":[{"embeddable":true,"href":"https:\/\/kutt.fi\/sv\/wp-json\/wp\/v2\/users\/1"}],"replies":[{"embeddable":true,"href":"https:\/\/kutt.fi\/sv\/wp-json\/wp\/v2\/comments?post=675"}],"version-history":[{"count":14,"href":"https:\/\/kutt.fi\/sv\/wp-json\/wp\/v2\/pages\/675\/revisions"}],"predecessor-version":[{"id":2155,"href":"https:\/\/kutt.fi\/sv\/wp-json\/wp\/v2\/pages\/675\/revisions\/2155"}],"wp:attachment":[{"href":"https:\/\/kutt.fi\/sv\/wp-json\/wp\/v2\/media?parent=675"}],"curies":[{"name":"wp","href":"https:\/\/api.w.org\/{rel}","templated":true}]}}