{"id":680,"date":"2021-06-10T09:29:48","date_gmt":"2021-06-10T07:29:48","guid":{"rendered":"http:\/\/uusi.umtt.fi\/?page_id=680"},"modified":"2022-06-06T07:36:26","modified_gmt":"2022-06-06T05:36:26","slug":"mantsala","status":"publish","type":"page","link":"https:\/\/kutt.fi\/sv\/mantsala\/","title":{"rendered":"M\u00e4nts\u00e4l\u00e4"},"content":{"rendered":"<div  data-label=\"Content\" data-id=\"content--1\" data-export-id=\"content-12\" data-category=\"content\" class=\"content-12 content-section content-section-spacing\" id=\"content-1\" style=\"background-color: rgb(255, 255, 255);\"><div  class=\"gridContainer\"> <div  class=\"row text-center\"><div  class=\"section-title-col\" data-type=\"column\"> <h2  class=\"\">M\u00c4NTS\u00c4L\u00c4: Mustam\u00e4entie 42, 04600 M\u00e4nts\u00e4l\u00e4<\/h2> <p  class=\"lead\"><a data-mce-href=\"https:\/\/goo.gl\/maps\/nFPWz13Ur1hxemDs8\" href=\"https:\/\/goo.gl\/maps\/nFPWz13Ur1hxemDs8\" target=\"_self\" data-mce-selected=\"inline-boundary\" data-cp-link=\"1\" class=\"\" rel=\"noopener\">Se platsen p\u00e5 kartan<\/a><\/p><\/div> <\/div> <div  class=\"row center-xs middle-xs\"> <div  class=\"col-sm-9\" data-type=\"column\"> <img decoding=\"async\"  class=\"shadow-large\" src=\"http:\/\/uusi.kutt.fi\/wp-content\/uploads\/2021\/06\/Mantsala_toimisto1-scaled.jpg\" title=\"M\u00e4nts\u00e4l\u00e4_toimisto1\" alt=\"\"><p  class=\"lead\" style=\"text-align: left;\">Kulku toimipaikkaan: Rakennuksen katolla lukee Carrier. Toimipaikkamme sijaitsee 1. kerroksessa, ulko-ovien j\u00e4lkeen oikealla.\n<br ><br >\nParkkipaikat: talon edess\u00e4 ilmaisia asiakaspaikkoja.<\/p><\/div> <\/div><\/div> <\/div>","protected":false},"excerpt":{"rendered":"<p>M\u00c4NTS\u00c4L\u00c4: Mustam\u00e4entie 42, 04600 M\u00e4nts\u00e4l\u00e4 N\u00e4yt\u00e4 sijainti kartalla Kulku toimipaikkaan: Rakennuksen katolla lukee Carrier. Toimipaikkamme sijaitsee 1. kerroksessa, ulko-ovien j\u00e4lkeen oikealla. Parkkipaikat: talon edess\u00e4 ilmaisia asiakaspaikkoja.<\/p>","protected":false},"author":1,"featured_media":0,"parent":0,"menu_order":0,"comment_status":"closed","ping_status":"closed","template":"pro\/page-templates\/full-width-page.php","meta":{"footnotes":""},"class_list":["post-680","page","type-page","status-publish","hentry"],"_links":{"self":[{"href":"https:\/\/kutt.fi\/sv\/wp-json\/wp\/v2\/pages\/680","targetHints":{"allow":["GET"]}}],"collection":[{"href":"https:\/\/kutt.fi\/sv\/wp-json\/wp\/v2\/pages"}],"about":[{"href":"https:\/\/kutt.fi\/sv\/wp-json\/wp\/v2\/types\/page"}],"author":[{"embeddable":true,"href":"https:\/\/kutt.fi\/sv\/wp-json\/wp\/v2\/users\/1"}],"replies":[{"embeddable":true,"href":"https:\/\/kutt.fi\/sv\/wp-json\/wp\/v2\/comments?post=680"}],"version-history":[{"count":12,"href":"https:\/\/kutt.fi\/sv\/wp-json\/wp\/v2\/pages\/680\/revisions"}],"predecessor-version":[{"id":1310,"href":"https:\/\/kutt.fi\/sv\/wp-json\/wp\/v2\/pages\/680\/revisions\/1310"}],"wp:attachment":[{"href":"https:\/\/kutt.fi\/sv\/wp-json\/wp\/v2\/media?parent=680"}],"curies":[{"name":"wp","href":"https:\/\/api.w.org\/{rel}","templated":true}]}}