{"id":687,"date":"2021-06-10T10:55:31","date_gmt":"2021-06-10T08:55:31","guid":{"rendered":"http:\/\/uusi.umtt.fi\/?page_id=687"},"modified":"2022-11-03T12:52:41","modified_gmt":"2022-11-03T10:52:41","slug":"hyvinkaa","status":"publish","type":"page","link":"https:\/\/kutt.fi\/sv\/hyvinkaa\/","title":{"rendered":"Hyvink\u00e4\u00e4"},"content":{"rendered":"<div  data-label=\"Content\" data-id=\"content--1\" data-export-id=\"content-12\" data-category=\"content\" class=\"content-12 content-section content-section-spacing\" id=\"content-1\" style=\"background-color: rgb(255, 255, 255);\"><div  class=\"gridContainer\"> <div  class=\"row text-center\"><div  class=\"section-title-col\" data-type=\"column\"> <h2  class=\"\">HYVINK\u00c4\u00c4: S\u00e4hk\u00f6katu 28, 05800 Hyvink\u00e4\u00e4<\/h2> <p  class=\"lead\"><a data-mce-href=\"https:\/\/goo.gl\/maps\/4NjEKYfwQosZsiieA\" href=\"https:\/\/goo.gl\/maps\/4NjEKYfwQosZsiieA\" target=\"_self\" data-mce-selected=\"inline-boundary\" data-cp-link=\"1\" class=\"\" rel=\"noopener\">Se platsen p\u00e5 kartan<\/a><\/p><\/div> <\/div> <div  class=\"row center-xs middle-xs\"> <div  class=\"col-sm-9\" data-type=\"column\"> <img decoding=\"async\"  class=\"shadow-large\" src=\"http:\/\/uusi.kutt.fi\/wp-content\/uploads\/2021\/06\/Hyvinkaa_toimipiste-scaled.jpg\" title=\"Hyvink\u00e4\u00e4_toimipiste\" alt=\"\"><p  class=\"lead\" style=\"text-align: left;\">Kulku toimipaikkaan: Toimipaikka sijaitsee M\u00e4ntykodon palvelukodin yhteydess\u00e4, kulku p\u00e4\u00e4oven kautta. Oven ollessa lukossa, soita ty\u00f6terveyshuollon ovikelloa.<br ><br >\nParkkipaikat: Pys\u00e4k\u00f6inti mahdollista pys\u00e4k\u00f6intikiekkoa k\u00e4ytt\u00e4en S\u00e4hk\u00f6kadun ja Urheilukadun varressa.<\/p><\/div> <\/div><\/div> <\/div>","protected":false},"excerpt":{"rendered":"<p>HYVINK\u00c4\u00c4: S\u00e4hk\u00f6katu 28, 05800 Hyvink\u00e4\u00e4 N\u00e4yt\u00e4 sijainti kartalla Kulku toimipaikkaan: Toimipaikka sijaitsee M\u00e4ntykodon palvelukodin yhteydess\u00e4, kulku p\u00e4\u00e4oven kautta. Oven ollessa lukossa, soita ty\u00f6terveyshuollon ovikelloa. Parkkipaikat: Pys\u00e4k\u00f6inti mahdollista pys\u00e4k\u00f6intikiekkoa k\u00e4ytt\u00e4en S\u00e4hk\u00f6kadun ja Urheilukadun varressa.<\/p>","protected":false},"author":1,"featured_media":0,"parent":0,"menu_order":0,"comment_status":"closed","ping_status":"closed","template":"pro\/page-templates\/full-width-page.php","meta":{"footnotes":""},"class_list":["post-687","page","type-page","status-publish","hentry"],"_links":{"self":[{"href":"https:\/\/kutt.fi\/sv\/wp-json\/wp\/v2\/pages\/687","targetHints":{"allow":["GET"]}}],"collection":[{"href":"https:\/\/kutt.fi\/sv\/wp-json\/wp\/v2\/pages"}],"about":[{"href":"https:\/\/kutt.fi\/sv\/wp-json\/wp\/v2\/types\/page"}],"author":[{"embeddable":true,"href":"https:\/\/kutt.fi\/sv\/wp-json\/wp\/v2\/users\/1"}],"replies":[{"embeddable":true,"href":"https:\/\/kutt.fi\/sv\/wp-json\/wp\/v2\/comments?post=687"}],"version-history":[{"count":13,"href":"https:\/\/kutt.fi\/sv\/wp-json\/wp\/v2\/pages\/687\/revisions"}],"predecessor-version":[{"id":1593,"href":"https:\/\/kutt.fi\/sv\/wp-json\/wp\/v2\/pages\/687\/revisions\/1593"}],"wp:attachment":[{"href":"https:\/\/kutt.fi\/sv\/wp-json\/wp\/v2\/media?parent=687"}],"curies":[{"name":"wp","href":"https:\/\/api.w.org\/{rel}","templated":true}]}}