{"id":698,"date":"2021-06-10T11:29:03","date_gmt":"2021-06-10T09:29:03","guid":{"rendered":"http:\/\/uusi.umtt.fi\/?page_id=698"},"modified":"2022-08-17T16:10:19","modified_gmt":"2022-08-17T14:10:19","slug":"karkkila","status":"publish","type":"page","link":"https:\/\/kutt.fi\/sv\/karkkila\/","title":{"rendered":"Karkkila"},"content":{"rendered":"<div  data-label=\"Content\" data-id=\"content--1\" data-export-id=\"content-12\" data-category=\"content\" class=\"content-12 content-section content-section-spacing\" id=\"content-1\" style=\"background-color: rgb(255, 255, 255);\"><div  class=\"gridContainer\"> <div  class=\"row text-center\"><div  class=\"section-title-col\" data-type=\"column\"> <h2  class=\"\">KARKKILA: Valtatie 26 E, 03600 Karkkila<\/h2> <p  class=\"lead\"><a data-mce-href=\"https:\/\/goo.gl\/maps\/VK1xVQTETGgRAM3i6\" href=\"https:\/\/goo.gl\/maps\/VK1xVQTETGgRAM3i6\" target=\"_self\" data-mce-selected=\"inline-boundary\" data-cp-link=\"1\" class=\"\" rel=\"noopener\">Se platsen p\u00e5 kartan<\/a><\/p><\/div> <\/div> <div  class=\"row center-xs middle-xs\"> <div  class=\"col-sm-9\" data-type=\"column\"> <img decoding=\"async\"  class=\"shadow-large\" src=\"http:\/\/uusi.kutt.fi\/wp-content\/uploads\/2021\/06\/Karkkila_toimisto-scaled.jpg\" title=\"Karkkila_toimisto\" alt=\"\"><p  class=\"lead\" style=\"text-align: left;\">Kulku toimipaikkaan: toimipaikkamme sijaitsee vanhalla tehdasalueella Karkkilan kaupungintalolla, kirjaston p\u00e4\u00e4dyss\u00e4. Katolla lukee sinisin isoin kirjaimin KIRJASTO. Ty\u00f6terveyshuolto sijaitsee toisessa kerroksessa. Kirjaston p\u00e4\u00e4dyss\u00e4 on portaat, hissi l\u00f6ytyy talon toisessa p\u00e4\u00e4ss\u00e4.\n<br ><br >\nParkkipaikat: Pys\u00e4k\u00f6inti on mahdollista kaupungintalon edustalla. Lis\u00e4ksi erillinen parkkipaikka vasemmalla ennen kaupungintalon\/kirjaston pihaa.<br ><a data-mce-href=\"mailto:maritta.ilmonius@kutt.fi\" href=\"mailto:maritta.ilmonius@kutt.fi\" target=\"_self\" data-mce-selected=\"inline-boundary\" data-cp-link=\"1\" rel=\"noopener\"><\/a><\/p><\/div> <\/div><\/div> <\/div>","protected":false},"excerpt":{"rendered":"<p>KARKKILA: Valtatie 26 E, 03600 Karkkila N\u00e4yt\u00e4 sijainti kartalla Kulku toimipaikkaan: toimipaikkamme sijaitsee vanhalla tehdasalueella Karkkilan kaupungintalolla, kirjaston p\u00e4\u00e4dyss\u00e4. Katolla lukee sinisin isoin kirjaimin KIRJASTO. Ty\u00f6terveyshuolto sijaitsee toisessa kerroksessa. Kirjaston p\u00e4\u00e4dyss\u00e4 on portaat, hissi l\u00f6ytyy talon toisessa p\u00e4\u00e4ss\u00e4. Parkkipaikat: Pys\u00e4k\u00f6inti on mahdollista kaupungintalon edustalla. Lis\u00e4ksi erillinen parkkipaikka vasemmalla ennen kaupungintalon\/kirjaston pihaa.<\/p>","protected":false},"author":1,"featured_media":0,"parent":0,"menu_order":0,"comment_status":"closed","ping_status":"closed","template":"pro\/page-templates\/full-width-page.php","meta":{"footnotes":""},"class_list":["post-698","page","type-page","status-publish","hentry"],"_links":{"self":[{"href":"https:\/\/kutt.fi\/sv\/wp-json\/wp\/v2\/pages\/698","targetHints":{"allow":["GET"]}}],"collection":[{"href":"https:\/\/kutt.fi\/sv\/wp-json\/wp\/v2\/pages"}],"about":[{"href":"https:\/\/kutt.fi\/sv\/wp-json\/wp\/v2\/types\/page"}],"author":[{"embeddable":true,"href":"https:\/\/kutt.fi\/sv\/wp-json\/wp\/v2\/users\/1"}],"replies":[{"embeddable":true,"href":"https:\/\/kutt.fi\/sv\/wp-json\/wp\/v2\/comments?post=698"}],"version-history":[{"count":9,"href":"https:\/\/kutt.fi\/sv\/wp-json\/wp\/v2\/pages\/698\/revisions"}],"predecessor-version":[{"id":1490,"href":"https:\/\/kutt.fi\/sv\/wp-json\/wp\/v2\/pages\/698\/revisions\/1490"}],"wp:attachment":[{"href":"https:\/\/kutt.fi\/sv\/wp-json\/wp\/v2\/media?parent=698"}],"curies":[{"name":"wp","href":"https:\/\/api.w.org\/{rel}","templated":true}]}}