{"id":703,"date":"2021-06-10T11:50:35","date_gmt":"2021-06-10T09:50:35","guid":{"rendered":"http:\/\/uusi.umtt.fi\/?page_id=703"},"modified":"2024-05-21T08:36:10","modified_gmt":"2024-05-21T06:36:10","slug":"lohja","status":"publish","type":"page","link":"https:\/\/kutt.fi\/sv\/lohja\/","title":{"rendered":"Lohja"},"content":{"rendered":"<div  data-label=\"Content\" data-id=\"content--1\" data-export-id=\"content-12\" data-category=\"content\" class=\"content-12 content-section content-section-spacing\" id=\"content-1\" style=\"background-color: rgb(255, 255, 255);\"><div  class=\"gridContainer\"> <div  class=\"row text-center\"><div  class=\"section-title-col\" data-type=\"column\"> <h2  class=\"\">LOHJA: Liessaarenkatu 3 E, 08100 Lohja<\/h2> <p  class=\"lead\"><a data-mce-href=\"https:\/\/goo.gl\/maps\/JGYwDjqPsHLtNUSY6\" href=\"https:\/\/goo.gl\/maps\/JGYwDjqPsHLtNUSY6\" target=\"_self\" data-mce-selected=\"inline-boundary\" data-cp-link=\"1\" class=\"\" rel=\"noopener\">Se platsen p\u00e5 kartan<\/a><\/p><\/div> <\/div> <div  class=\"row center-xs middle-xs\"> <div  class=\"col-sm-9\" data-type=\"column\"> <img decoding=\"async\"  class=\"shadow-large\" src=\"http:\/\/uusi.kutt.fi\/wp-content\/uploads\/2021\/06\/Lohja_toimisto-scaled.jpg\" title=\"Lohja_toimisto\" alt=\"\"><p  class=\"lead\" style=\"text-align: left;\">Parkkipaikat: Talon edess\u00e4<\/p><\/div> <\/div><\/div> <\/div>","protected":false},"excerpt":{"rendered":"<p>LOHJA: Liessaarenkatu 3 E, 08100 Lohja N\u00e4yt\u00e4 sijainti kartalla Parkkipaikat: Talon edess\u00e4<\/p>","protected":false},"author":1,"featured_media":0,"parent":0,"menu_order":0,"comment_status":"closed","ping_status":"closed","template":"pro\/page-templates\/full-width-page.php","meta":{"footnotes":""},"class_list":["post-703","page","type-page","status-publish","hentry"],"_links":{"self":[{"href":"https:\/\/kutt.fi\/sv\/wp-json\/wp\/v2\/pages\/703","targetHints":{"allow":["GET"]}}],"collection":[{"href":"https:\/\/kutt.fi\/sv\/wp-json\/wp\/v2\/pages"}],"about":[{"href":"https:\/\/kutt.fi\/sv\/wp-json\/wp\/v2\/types\/page"}],"author":[{"embeddable":true,"href":"https:\/\/kutt.fi\/sv\/wp-json\/wp\/v2\/users\/1"}],"replies":[{"embeddable":true,"href":"https:\/\/kutt.fi\/sv\/wp-json\/wp\/v2\/comments?post=703"}],"version-history":[{"count":15,"href":"https:\/\/kutt.fi\/sv\/wp-json\/wp\/v2\/pages\/703\/revisions"}],"predecessor-version":[{"id":2004,"href":"https:\/\/kutt.fi\/sv\/wp-json\/wp\/v2\/pages\/703\/revisions\/2004"}],"wp:attachment":[{"href":"https:\/\/kutt.fi\/sv\/wp-json\/wp\/v2\/media?parent=703"}],"curies":[{"name":"wp","href":"https:\/\/api.w.org\/{rel}","templated":true}]}}