{"id":71,"date":"2020-12-10T11:44:41","date_gmt":"2020-12-10T09:44:41","guid":{"rendered":"http:\/\/uusi.umtt.fi\/?page_id=71"},"modified":"2022-03-03T12:35:00","modified_gmt":"2022-03-03T10:35:00","slug":"sopimusyhteyshenkilot","status":"publish","type":"page","link":"https:\/\/kutt.fi\/sv\/sopimusyhteyshenkilot\/","title":{"rendered":"Sopimusyhteyshenkil\u00f6t"},"content":{"rendered":"<div  data-label=\"Team\" data-id=\"team--1\" data-export-id=\"team-2\" data-category=\"team\" class=\"team-2 content-section content-section-spacing\" id=\"team-1\" style=\"background-color: rgb(255, 255, 255);\"><div  class=\"gridContainer\"> <div  class=\"row text-center\"><div  class=\"section-title-col\" data-type=\"column\"> <h2  class=\"\">Sopimusyhteyshenkil\u00f6t<\/h2> <p  class=\"lead\">Annamme mielell\u00e4mme lis\u00e4tietoa palveluistamme!<\/p><\/div> <\/div> <div  class=\"row spaced-cols content-center-sm center-sm\" data-type=\"row\"> <div  class=\"col-sm-6 col-md-3\"> <div  class=\"card y-move no-padding bordered\"> <img decoding=\"async\"  class=\"face\" src=\"http:\/\/uusi.kutt.fi\/wp-content\/uploads\/2021\/06\/Eeva-Vaananen-UTT-henkilokuva.jpg\" title=\"Eeva V\u00e4\u00e4n\u00e4nen UTT henkil\u00f6kuva\" alt=\"\"> <div  data-type=\"column\" class=\"col-padding-small col-padding-small-xs description-container\"> <h4  class=\"font-500\">Eeva V\u00e4\u00e4n\u00e4nen<\/h4>   <p  class=\"lead\">Sopimuskoordinaattori\n<br >p. <a data-mce-href=\"tel:040646071\" href=\"tel:040646071\" target=\"_self\" data-mce-selected=\"inline-boundary\" data-cp-link=\"1\" rel=\"noopener\">040 646 0171<\/a><br ><a data-mce-href=\"mailto:eeva.vaananen@uudenmaantyoterveys.fi\" href=\"mailto:eeva.vaananen@uudenmaantyoterveys.fi\" target=\"_self\" data-mce-selected=\"inline-boundary\" data-cp-link=\"1\" rel=\"noopener\">eeva.vaananen@umtt.fi<\/a>\n<\/p><div  class=\"social-icons-group\" data-type=\"group\"> <a href=\"#\" target=\"_self\" data-reiki-hidden=\"true\" rel=\"noopener\"><i  class=\"fa icon fa-facebook-square gray\"><\/i><\/a> <a href=\"#\" target=\"_self\" data-reiki-hidden=\"true\" rel=\"noopener\"><i  class=\"fa icon fa-twitter-square gray\"><\/i><\/a> <a href=\"#\" target=\"_self\" data-reiki-hidden=\"true\" rel=\"noopener\"><i  class=\"fa icon fa-linkedin-square gray\"><\/i><\/a> <a href=\"#\" target=\"_self\" data-reiki-hidden=\"true\" rel=\"noopener\"><i  class=\"fa icon fa-google-plus-square gray\"><\/i><\/a><\/div><\/div><\/div> <\/div>   <div  class=\"col-sm-6 col-md-3\"> <div  class=\"card y-move no-padding bordered\"> <img decoding=\"async\"  class=\"face\" src=\"http:\/\/uusi.kutt.fi\/wp-content\/uploads\/2021\/06\/Tuula-Salmi-UTT-henkilokuva.jpg\" title=\"Tuula Salmi UTT henkil\u00f6kuva\" alt=\"\"> <div  data-type=\"column\" class=\"col-padding-small col-padding-small-xs description-container\"> <h4  class=\"font-500\">Tuula Salmi<\/h4>   <p  class=\"lead\">Palvelup\u00e4\u00e4llikk\u00f6<br >p. <a data-mce-href=\"tel:0406460181\" href=\"tel:0406460181\" target=\"_self\" data-mce-selected=\"inline-boundary\" data-cp-link=\"1\" rel=\"noopener\">040 646 0181<\/a><br ><a data-mce-href=\"mailto:tuula.salmi@umtt.fi\" href=\"mailto:tuula.salmi@umtt.fi\" target=\"_self\" data-mce-selected=\"inline-boundary\" data-cp-link=\"1\" rel=\"noopener\">tuula.salmi@umtt.fi<\/a>\n<br >\n<\/p><div  class=\"social-icons-group\" data-type=\"group\"> <a href=\"#\" target=\"_self\" data-reiki-hidden=\"true\" rel=\"noopener\"><i  class=\"fa icon fa-facebook-square gray\"><\/i><\/a> <a href=\"#\" target=\"_self\" data-reiki-hidden=\"true\" rel=\"noopener\"><i  class=\"fa icon fa-twitter-square gray\"><\/i><\/a> <a href=\"#\" target=\"_self\" data-reiki-hidden=\"true\" rel=\"noopener\"><i  class=\"fa icon fa-linkedin-square gray\"><\/i><\/a> <a href=\"#\" target=\"_self\" data-reiki-hidden=\"true\" rel=\"noopener\"><i  class=\"fa icon fa-google-plus-square gray\"><\/i><\/a><\/div><\/div><\/div> <\/div><div  class=\"col-sm-6 col-md-3\"> <div  class=\"card y-move no-padding bordered\"> <img decoding=\"async\"  class=\"face\" src=\"http:\/\/uusi.kutt.fi\/wp-content\/uploads\/2022\/03\/cropped-Maarit-Sohlman-scaled-e1646222206130.jpg\" title=\"cropped-Maarit-Sohlman-scaled-e1646222206130.jpg\" alt=\"\"> <div  data-type=\"column\" class=\"col-padding-small col-padding-small-xs description-container\"> <h4  class=\"font-500\">Maarit Sohlman<\/h4>   <p  class=\"lead\">Markkinointiassistentti <br >p. <a data-mce-href=\"tel:0406460186\" href=\"tel:0406460186\" target=\"_self\" data-mce-selected=\"inline-boundary\" data-cp-link=\"1\" rel=\"noopener\">040 646 0186<\/a>\n<br ><a data-mce-href=\"mailto:maarit.sohlman@umtt.fi\" href=\"mailto:maarit.sohlman@umtt.fi\" target=\"_self\" data-mce-selected=\"inline-boundary\" data-cp-link=\"1\" rel=\"noopener\">maarit.sohlman@umtt.fi<\/a><\/p><div  class=\"social-icons-group\" data-type=\"group\"> <a href=\"#\" target=\"_self\" data-reiki-hidden=\"true\" rel=\"noopener\"><i  class=\"fa icon fa-facebook-square gray\"><\/i><\/a> <a href=\"#\" target=\"_self\" data-reiki-hidden=\"true\" rel=\"noopener\"><i  class=\"fa icon fa-twitter-square gray\"><\/i><\/a> <a href=\"#\" target=\"_self\" data-reiki-hidden=\"true\" rel=\"noopener\"><i  class=\"fa icon fa-linkedin-square gray\"><\/i><\/a> <a href=\"#\" target=\"_self\" data-reiki-hidden=\"true\" rel=\"noopener\"><i  class=\"fa icon fa-google-plus-square gray\"><\/i><\/a><\/div><\/div><\/div> <\/div>    <\/div> <\/div><\/div>","protected":false},"excerpt":{"rendered":"<p>Sopimusyhteyshenkil\u00f6t Annamme mielell\u00e4mme lis\u00e4tietoa palveluistamme! Eeva V\u00e4\u00e4n\u00e4nen Sopimuskoordinaattori p. 040 646 0171eeva.vaananen@umtt.fi Tuula Salmi Palvelup\u00e4\u00e4llikk\u00f6p. 040 646 0181tuula.salmi@umtt.fi Maarit Sohlman Markkinointiassistentti p. 040 646 0186 maarit.sohlman@umtt.fi<\/p>","protected":false},"author":1,"featured_media":0,"parent":0,"menu_order":0,"comment_status":"closed","ping_status":"closed","template":"pro\/page-templates\/full-width-page.php","meta":{"footnotes":""},"class_list":["post-71","page","type-page","status-publish","hentry"],"_links":{"self":[{"href":"https:\/\/kutt.fi\/sv\/wp-json\/wp\/v2\/pages\/71","targetHints":{"allow":["GET"]}}],"collection":[{"href":"https:\/\/kutt.fi\/sv\/wp-json\/wp\/v2\/pages"}],"about":[{"href":"https:\/\/kutt.fi\/sv\/wp-json\/wp\/v2\/types\/page"}],"author":[{"embeddable":true,"href":"https:\/\/kutt.fi\/sv\/wp-json\/wp\/v2\/users\/1"}],"replies":[{"embeddable":true,"href":"https:\/\/kutt.fi\/sv\/wp-json\/wp\/v2\/comments?post=71"}],"version-history":[{"count":26,"href":"https:\/\/kutt.fi\/sv\/wp-json\/wp\/v2\/pages\/71\/revisions"}],"predecessor-version":[{"id":1179,"href":"https:\/\/kutt.fi\/sv\/wp-json\/wp\/v2\/pages\/71\/revisions\/1179"}],"wp:attachment":[{"href":"https:\/\/kutt.fi\/sv\/wp-json\/wp\/v2\/media?parent=71"}],"curies":[{"name":"wp","href":"https:\/\/api.w.org\/{rel}","templated":true}]}}