{"id":756,"date":"2021-06-10T14:05:30","date_gmt":"2021-06-10T12:05:30","guid":{"rendered":"http:\/\/uusi.umtt.fi\/?page_id=756"},"modified":"2021-06-10T14:06:09","modified_gmt":"2021-06-10T12:06:09","slug":"meille-on-myonnetty-avainlippu","status":"publish","type":"page","link":"https:\/\/kutt.fi\/sv\/meille-on-myonnetty-avainlippu\/","title":{"rendered":"Meille on my\u00f6nnetty Avainlippu"},"content":{"rendered":"<div data-id='initial-content-section' data-export-id='initial-content-section' data-label='Initial Content' id='initial-content-section' class='content-section content-section-spacing'>\n   <div class='gridContainer'>\n     <div class='row'>\n\n        <div class='col-xs-12 col-sm-12'>                <p><\/p>\n<figure class=\"wp-block-table\">\n<table>\n<tbody>\n<tr>\n<td>Ty\u00f6terveyspalvelumme on 100% Made in Finland. T\u00e4m\u00e4n johdosta Uudenmaan Ty\u00f6terveys Oy sai Avainlipun, joka on merkki suomalaisesta ty\u00f6st\u00e4. Kiitos, kun valitset meid\u00e4t ja tuet kotimaista osaamista!<\/td>\n<\/tr>\n<\/tbody>\n<\/table>\n<\/figure>\n<p><\/p>\n<p><\/p>\n<figure class=\"wp-block-image size-large\"><img loading=\"lazy\" decoding=\"async\" width=\"320\" height=\"168\" src=\"http:\/\/uusi.umtt.fi\/wp-content\/uploads\/2021\/06\/Meille_on_myonnetty_avainlippu-e1623326141590.jpg\" alt=\"\" class=\"wp-image-745\"\/><\/figure>\n<p><\/p>\n\n          <\/div>\n      <\/div>\n  <\/div>\n<\/div>","protected":false},"excerpt":{"rendered":"<p>Ty\u00f6terveyspalvelumme on 100% Made in Finland. T\u00e4m\u00e4n johdosta Uudenmaan Ty\u00f6terveys Oy sai Avainlipun, joka on merkki suomalaisesta ty\u00f6st\u00e4. Kiitos, kun valitset meid\u00e4t ja tuet kotimaista osaamista!<\/p>","protected":false},"author":1,"featured_media":0,"parent":0,"menu_order":0,"comment_status":"closed","ping_status":"closed","template":"pro\/page-templates\/full-width-page.php","meta":{"footnotes":""},"class_list":["post-756","page","type-page","status-publish","hentry"],"_links":{"self":[{"href":"https:\/\/kutt.fi\/sv\/wp-json\/wp\/v2\/pages\/756","targetHints":{"allow":["GET"]}}],"collection":[{"href":"https:\/\/kutt.fi\/sv\/wp-json\/wp\/v2\/pages"}],"about":[{"href":"https:\/\/kutt.fi\/sv\/wp-json\/wp\/v2\/types\/page"}],"author":[{"embeddable":true,"href":"https:\/\/kutt.fi\/sv\/wp-json\/wp\/v2\/users\/1"}],"replies":[{"embeddable":true,"href":"https:\/\/kutt.fi\/sv\/wp-json\/wp\/v2\/comments?post=756"}],"version-history":[{"count":2,"href":"https:\/\/kutt.fi\/sv\/wp-json\/wp\/v2\/pages\/756\/revisions"}],"predecessor-version":[{"id":758,"href":"https:\/\/kutt.fi\/sv\/wp-json\/wp\/v2\/pages\/756\/revisions\/758"}],"wp:attachment":[{"href":"https:\/\/kutt.fi\/sv\/wp-json\/wp\/v2\/media?parent=756"}],"curies":[{"name":"wp","href":"https:\/\/api.w.org\/{rel}","templated":true}]}}