{"id":971,"date":"2021-08-30T12:28:58","date_gmt":"2021-08-30T10:28:58","guid":{"rendered":"http:\/\/uusi.kutt.fi\/?page_id=971"},"modified":"2021-08-30T12:28:58","modified_gmt":"2021-08-30T10:28:58","slug":"hataensiapukurssilla-13-10-2021-on-viela-tilaa","status":"publish","type":"page","link":"https:\/\/kutt.fi\/sv\/hataensiapukurssilla-13-10-2021-on-viela-tilaa\/","title":{"rendered":"H\u00e4t\u00e4ensiapukurssilla 13.10.2021 on viel\u00e4 tilaa"},"content":{"rendered":"<p>Uudenmaan Ty\u00f6terveys Oy j\u00e4rjest\u00e4\u00e4 avoimen Suomen punaisen ristin h\u00e4t\u00e4ensiapukoulutuksen Tuusulassa keskiviikkona 13.10.2021 klo 8.30-12.30.<\/p>\n\n\n\n<p>Kurssi on tarkoitettu ainoastaan Uudenmaan Ty\u00f6terveys Oy:n ty\u00f6terveysasiakkaille.<\/p>\n\n\n\n<p>Hinta: 50 \u20ac + alv. 24 %<\/p>\n\n\n\n<p>Kurssista saat h\u00e4t\u00e4ensiapukortin, joka on voimassa 3 vuotta.<\/p>\n\n\n\n<p>Lis\u00e4tietoja: <a href=\"https:\/\/tth-lv.creamailer.fi\/survey\/ins1jnbidhjzk\" data-type=\"URL\" data-id=\"https:\/\/tth-lv.creamailer.fi\/survey\/ins1jnbidhjzk\" target=\"_blank\" rel=\"noreferrer noopener\">Klikkaa t\u00e4st\u00e4<\/a><\/p>","protected":false},"excerpt":{"rendered":"<p>Uudenmaan Ty\u00f6terveys Oy j\u00e4rjest\u00e4\u00e4 avoimen Suomen punaisen ristin h\u00e4t\u00e4ensiapukoulutuksen Tuusulassa keskiviikkona 13.10.2021 klo 8.30-12.30. Kurssi on tarkoitettu ainoastaan Uudenmaan Ty\u00f6terveys Oy:n ty\u00f6terveysasiakkaille. Hinta: 50 \u20ac + alv. 24 % Kurssista saat h\u00e4t\u00e4ensiapukortin, joka on voimassa 3 vuotta. Lis\u00e4tietoja: Klikkaa t\u00e4st\u00e4<\/p>","protected":false},"author":1,"featured_media":0,"parent":0,"menu_order":0,"comment_status":"closed","ping_status":"closed","template":"","meta":{"footnotes":""},"class_list":["post-971","page","type-page","status-publish","hentry"],"_links":{"self":[{"href":"https:\/\/kutt.fi\/sv\/wp-json\/wp\/v2\/pages\/971","targetHints":{"allow":["GET"]}}],"collection":[{"href":"https:\/\/kutt.fi\/sv\/wp-json\/wp\/v2\/pages"}],"about":[{"href":"https:\/\/kutt.fi\/sv\/wp-json\/wp\/v2\/types\/page"}],"author":[{"embeddable":true,"href":"https:\/\/kutt.fi\/sv\/wp-json\/wp\/v2\/users\/1"}],"replies":[{"embeddable":true,"href":"https:\/\/kutt.fi\/sv\/wp-json\/wp\/v2\/comments?post=971"}],"version-history":[{"count":1,"href":"https:\/\/kutt.fi\/sv\/wp-json\/wp\/v2\/pages\/971\/revisions"}],"predecessor-version":[{"id":972,"href":"https:\/\/kutt.fi\/sv\/wp-json\/wp\/v2\/pages\/971\/revisions\/972"}],"wp:attachment":[{"href":"https:\/\/kutt.fi\/sv\/wp-json\/wp\/v2\/media?parent=971"}],"curies":[{"name":"wp","href":"https:\/\/api.w.org\/{rel}","templated":true}]}}