{"id":990,"date":"2021-08-31T16:02:59","date_gmt":"2021-08-31T14:02:59","guid":{"rendered":"http:\/\/uusi.kutt.fi\/?page_id=990"},"modified":"2021-08-31T16:02:59","modified_gmt":"2021-08-31T14:02:59","slug":"tuusulan-toimipaikka-muuttaa","status":"publish","type":"page","link":"https:\/\/kutt.fi\/sv\/tuusulan-toimipaikka-muuttaa\/","title":{"rendered":"Tuusulan toimipaikka muuttaa"},"content":{"rendered":"<p id=\"u7805-13\">Tuusulan toimipaikkamme muuttaa uusiin toimitiloihin Tuuskotoon, jossa toiminta k\u00e4ynnistyy 6.9.2021.<\/p>\n\n\n\n<p id=\"u7805-17\">Uusi osoitteemme on <strong>Kotorannankuja 10, 04310 Tusby<\/strong> (sis\u00e4\u00e4nk\u00e4ynti ovesta B1).<\/p>\n\n\n\n<p id=\"u7805-19\">Uusissa toimitiloissa jatkaa ty\u00f6skentely\u00e4 nykyinen Tuusulan henkil\u00f6st\u00f6mme ja n\u00e4ytteenottopalveluita tuottaa entiseen tapaan yhteisty\u00f6kumppanimme <strong>SYNLAB<\/strong>.<\/p>\n\n\n\n<p><em>Huom. t\u00e4m\u00e4n muutoksen vuoksi <\/em><em>Kanta-palvelussa <\/em><em>ei t\u00e4ll\u00e4 hetkell\u00e4 <\/em><em>pysty valitsemaan reseptin uusimispyynn\u00f6n vastaanottajaksi Tuusulan toimipistett\u00e4mme. Apteekit eiv\u00e4t my\u00f6sk\u00e4\u00e4n pysty ohjaamaan uusimispyynt\u00f6\u00e4 Tuusulan yksikk\u00f6\u00f6n.<\/em><\/p>\n\n\n\n<p><em>T\u00e4st\u00e4 syyst\u00e4 pyyt\u00e4ess\u00e4nne reseptin uusimista valitsettehan uusimispyynn\u00f6n vastaanottajaksi jonkun toisen toimipaikoistamme. T\u00e4m\u00e4 tieto on voimassa toistaiseksi.<\/em><\/p>","protected":false},"excerpt":{"rendered":"<p>Tuusulan toimipaikkamme muuttaa uusiin toimitiloihin Tuuskotoon, jossa toiminta k\u00e4ynnistyy 6.9.2021. Uusi osoitteemme on Kotorannankuja 10, 04310 Tuusula (sis\u00e4\u00e4nk\u00e4ynti ovesta B1). Uusissa toimitiloissa jatkaa ty\u00f6skentely\u00e4 nykyinen Tuusulan henkil\u00f6st\u00f6mme ja n\u00e4ytteenottopalveluita tuottaa entiseen tapaan yhteisty\u00f6kumppanimme SYNLAB. Huom. t\u00e4m\u00e4n muutoksen vuoksi Kanta-palvelussa ei t\u00e4ll\u00e4 hetkell\u00e4 pysty valitsemaan reseptin uusimispyynn\u00f6n vastaanottajaksi Tuusulan toimipistett\u00e4mme. Apteekit eiv\u00e4t my\u00f6sk\u00e4\u00e4n pysty ohjaamaan uusimispyynt\u00f6\u00e4&hellip; <br \/> <a class=\"read-more\" href=\"https:\/\/kutt.fi\/sv\/tuusulan-toimipaikka-muuttaa\/\">Read more<\/a><\/p>","protected":false},"author":1,"featured_media":0,"parent":0,"menu_order":0,"comment_status":"closed","ping_status":"closed","template":"","meta":{"footnotes":""},"class_list":["post-990","page","type-page","status-publish","hentry"],"_links":{"self":[{"href":"https:\/\/kutt.fi\/sv\/wp-json\/wp\/v2\/pages\/990","targetHints":{"allow":["GET"]}}],"collection":[{"href":"https:\/\/kutt.fi\/sv\/wp-json\/wp\/v2\/pages"}],"about":[{"href":"https:\/\/kutt.fi\/sv\/wp-json\/wp\/v2\/types\/page"}],"author":[{"embeddable":true,"href":"https:\/\/kutt.fi\/sv\/wp-json\/wp\/v2\/users\/1"}],"replies":[{"embeddable":true,"href":"https:\/\/kutt.fi\/sv\/wp-json\/wp\/v2\/comments?post=990"}],"version-history":[{"count":1,"href":"https:\/\/kutt.fi\/sv\/wp-json\/wp\/v2\/pages\/990\/revisions"}],"predecessor-version":[{"id":991,"href":"https:\/\/kutt.fi\/sv\/wp-json\/wp\/v2\/pages\/990\/revisions\/991"}],"wp:attachment":[{"href":"https:\/\/kutt.fi\/sv\/wp-json\/wp\/v2\/media?parent=990"}],"curies":[{"name":"wp","href":"https:\/\/api.w.org\/{rel}","templated":true}]}}